{"id":5798,"date":"2021-12-21T13:08:19","date_gmt":"2021-12-21T13:08:19","guid":{"rendered":"https:\/\/hydrotor.pl\/kontakt-precyzyjnej-obrobki\/"},"modified":"2022-01-13T10:25:41","modified_gmt":"2022-01-13T10:25:41","slug":"kontakt-precyzyjnej-obrobki","status":"publish","type":"page","link":"https:\/\/hydrotor.pl\/de\/kontakt-precyzyjnej-obrobki\/","title":{"rendered":"Kontakt Precyzyjnej Obr\u00f3bki"},"content":{"rendered":"<p>[et_pb_section fb_built=&#8221;1&#8243; _builder_version=&#8221;4.9.10&#8243; _module_preset=&#8221;default&#8221; custom_margin=&#8221;0px||||false|false&#8221; custom_padding=&#8221;0px||||false|false&#8221;][et_pb_row _builder_version=&#8221;4.9.10&#8243; _module_preset=&#8221;default&#8221; background_image=&#8221;https:\/\/hydrotor.pl\/wp-content\/uploads\/2021\/12\/zeiss_2.jpeg&#8221; width=&#8221;100%&#8221; max_width=&#8221;100%&#8221;][et_pb_column type=&#8221;4_4&#8243; _builder_version=&#8221;4.9.10&#8243; _module_preset=&#8221;default&#8221;][et_pb_text _builder_version=&#8221;4.9.10&#8243; _module_preset=&#8221;default&#8221; text_font=&#8221;Bebas Neue||||||||&#8221; text_text_color=&#8221;#FFFFFF&#8221; text_font_size=&#8221;60px&#8221; custom_padding=&#8221;100px||100px||true|false&#8221; text_text_shadow_style=&#8221;preset2&#8243;]<\/p>\n<p style=\"text-align: center;\">kontakt<\/p>\n<p>[\/et_pb_text][\/et_pb_column][\/et_pb_row][et_pb_row _builder_version=&#8221;4.9.10&#8243; _module_preset=&#8221;default&#8221; background_color=&#8221;#FFFFFF&#8221; z_index=&#8221;500&#8243; custom_margin=&#8221;-50px||||false|false&#8221; box_shadow_style=&#8221;preset3&#8243; box_shadow_blur=&#8221;60px&#8221; box_shadow_spread=&#8221;-35px&#8221; box_shadow_color=&#8221;rgba(0,0,0,0.2)&#8221;][et_pb_column type=&#8221;4_4&#8243; _builder_version=&#8221;4.9.10&#8243; _module_preset=&#8221;default&#8221;][et_pb_text _builder_version=&#8221;4.9.10&#8243; _module_preset=&#8221;default&#8221; text_font=&#8221;Source Sans Pro||||||||&#8221; text_text_color=&#8221;#000000&#8243; text_font_size=&#8221;22px&#8221; text_line_height=&#8221;1.5em&#8221; custom_padding=&#8221;50px|15%|50px|15%|true|true&#8221;]<\/p>\n<p style=\"text-align: center;\"><span>Poznaj us\u0142ugi firmy Hydrotor S.A.<\/span><\/p>\n<p>[\/et_pb_text][\/et_pb_column][\/et_pb_row][et_pb_row _builder_version=&#8221;4.9.10&#8243; _module_preset=&#8221;default&#8221; background_color=&#8221;#1068a0&#8243; z_index=&#8221;555&#8243; custom_margin=&#8221;0px||||false|false&#8221;][et_pb_column type=&#8221;4_4&#8243; _builder_version=&#8221;4.9.10&#8243; _module_preset=&#8221;default&#8221;][et_pb_menu menu_id=&#8221;82&#8243; menu_style=&#8221;centered&#8221; active_link_color=&#8221;#FFFFFF&#8221; dropdown_menu_bg_color=&#8221;#1068a0&#8243; _builder_version=&#8221;4.9.10&#8243; _module_preset=&#8221;default&#8221; menu_font=&#8221;Bebas Neue||||||||&#8221; menu_text_color=&#8221;#FFFFFF&#8221; menu_font_size=&#8221;25px&#8221; background_enable_color=&#8221;off&#8221; hover_enabled=&#8221;0&#8243; mobile_menu_text_color=&#8221;#1068a0&#8243; menu_icon_color=&#8221;#FFFFFF&#8221; sticky_enabled=&#8221;0&#8243;][\/et_pb_menu][\/et_pb_column][\/et_pb_row][et_pb_row column_structure=&#8221;1_2,1_2&#8243; _builder_version=&#8221;4.9.10&#8243; _module_preset=&#8221;default&#8221; z_index=&#8221;50&#8243; custom_margin=&#8221;||0px||false|false&#8221; custom_padding=&#8221;||0px||false|false&#8221;][et_pb_column type=&#8221;1_2&#8243; _builder_version=&#8221;4.9.10&#8243; _module_preset=&#8221;default&#8221; custom_padding=&#8221;50px||50px||true|false&#8221;][et_pb_text _builder_version=&#8221;4.9.10&#8243; _module_preset=&#8221;default&#8221; text_font=&#8221;Bebas Neue||||||||&#8221; text_text_color=&#8221;#1068a0&#8243; text_font_size=&#8221;30px&#8221; text_line_height=&#8221;1.5em&#8221; custom_margin=&#8221;0px||20px||false|false&#8221; custom_padding=&#8221;0px|0px|0px|0px|false|true&#8221;]<\/p>\n<p style=\"text-align: left;\">kontakt<\/p>\n<p>[\/et_pb_text][et_pb_text _builder_version=&#8221;4.9.10&#8243; _module_preset=&#8221;default&#8221; text_font=&#8221;Source Sans Pro||||||||&#8221; text_text_color=&#8221;#000000&#8243; text_font_size=&#8221;22px&#8221; text_line_height=&#8221;1.5em&#8221;]<\/p>\n<p mce_style=\"margin-bottom: 0cm;\"><span lang=\"de-DE\">Kierownik ds. marketingu i utrzymania ruchu:<br \/><u>Marcin Rosewicz<br \/><\/u><\/span><span lang=\"de-DE\">E-mail<span>\u00a0<\/span><\/span><span mce_style=\"color: #0000ff;\"><u><a href=\"mailto:%20%3Cscript%20language='JavaScript'%20type='text\/javascript'%3E%20%3C!--%20var%20prefix%20=%20'mailto:';%20var%20suffix%20=%20'';%20var%20attribs%20=%20'';%20var%20path%20=%20'hr'%20+%20'ef'%20+%20'=';%20var%20addy15932%20=%20'mra'%20+%20'@';%20addy15932%20=%20addy15932%20+%20'hydrotor'%20+%20'.'%20+%20'com'%20+%20'.'%20+%20'pl';%20document.write(%20'%3Ca%20'%20+%20path%20+%20'\\''%20+%20prefix%20+%20addy15932%20+%20suffix%20+%20'\\''%20+%20attribs%20+%20'%3E'%20);%20document.write(%20addy15932%20);%20document.write(%20'%3C\\\/a%3E'%20);%20\/\/--%3E%20%3C\/script%3E%3Cscript%20language='JavaScript'%20type='text\/javascript'%3E%20%3C!--%20document.write(%20'%3Cspan%20style=\\'display:%20none;\\'%3E'%20);%20\/\/--%3E%20%3C\/script%3EAdres%20poczty%20elektronicznej%20jest%20chroniony%20przed%20robotami%20spamuj%C4%85cymi.%20W%20przegl%C4%85darce%20musi%20by%C4%87%20w%C5%82%C4%85czona%20obs%C5%82uga%20JavaScript,%20%C5%BCeby%20go%20zobaczy%C4%87.%20%3Cscript%20language='JavaScript'%20type='text\/javascript'%3E%20%3C!--%20document.write(%20'%3C\/'%20);%20document.write(%20'span%3E'%20);%20\/\/--%3E%20%3C\/script%3E\" mce_href=\"mailto:  &lt;script language='JavaScript' type='text\/javascript'&gt;  &lt;!--  var prefix = 'mailto:';  var suffix = '';  var attribs = '';  var path = 'hr' + 'ef' + '=';  var addy30686 = 'mra' + '@';  addy30686 = addy30686 + 'hydrotor' + '.' + 'com' + '.' + 'pl';  document.write( '&lt;a ' + path + '\\'' + prefix + addy30686 + suffix + '\\'' + attribs + '&gt;' );  document.write( addy30686 );  document.write( '&lt;\\\/a&gt;' );  \/\/--&gt;  &lt;\/script&gt;&lt;script language='JavaScript' type='text\/javascript'&gt;  &lt;!--  document.write( '&lt;span style=\\'display: none;\\'&gt;' );  \/\/--&gt;  &lt;\/script&gt;Adres poczty elektronicznej jest chroniony przed robotami spamuj\u0105cymi. W przegl\u0105darce musi by\u0107 w\u0142\u0105czona obs\u0142uga JavaScript, \u017ceby go zobaczy\u0107.  &lt;script language='JavaScript' type='text\/javascript'&gt;  &lt;!--  document.write( '&lt;\/' );  document.write( 'span&gt;' );  \/\/--&gt;  &lt;\/script&gt;\" style=\"color: #ed1c24; font-weight: normal !important;\"><span lang=\"de-DE\"><\/span><\/a><a href=\"mailto:mra@hydrotor.com.pl\">mra@hydrotor.com.pl<\/a><\/u><\/span><\/p>\n<p mce_style=\"margin-bottom: 0cm;\" lang=\"de-DE\"><b>PHS Hydrotor S.A.<\/b><\/p>\n<p mce_style=\"margin-bottom: 0cm;\" lang=\"de-DE\">Ul. Chojnicka 72<br \/>89-500 Tuchola<br \/>NIP: 561-000-22-76<br \/>Tel. +48 52\u00a0334 8711<br \/><span mce_style=\"color: #0000ff;\"><u><a href=\"mailto:%20%3Cscript%20language='JavaScript'%20type='text\/javascript'%3E%20%3C!--%20var%20prefix%20=%20'mailto:';%20var%20suffix%20=%20'';%20var%20attribs%20=%20'';%20var%20path%20=%20'hr'%20+%20'ef'%20+%20'=';%20var%20addy45524%20=%20'coew'%20+%20'@';%20addy45524%20=%20addy45524%20+%20'hydrotor'%20+%20'.'%20+%20'com'%20+%20'.'%20+%20'pl';%20document.write(%20'%3Ca%20'%20+%20path%20+%20'\\''%20+%20prefix%20+%20addy45524%20+%20suffix%20+%20'\\''%20+%20attribs%20+%20'%3E'%20);%20document.write(%20addy45524%20);%20document.write(%20'%3C\\\/a%3E'%20);%20\/\/--%3E%20%3C\/script%3E%3Cscript%20language='JavaScript'%20type='text\/javascript'%3E%20%3C!--%20document.write(%20'%3Cspan%20style=\\'display:%20none;\\'%3E'%20);%20\/\/--%3E%20%3C\/script%3EAdres%20poczty%20elektronicznej%20jest%20chroniony%20przed%20robotami%20spamuj%C4%85cymi.%20W%20przegl%C4%85darce%20musi%20by%C4%87%20w%C5%82%C4%85czona%20obs%C5%82uga%20JavaScript,%20%C5%BCeby%20go%20zobaczy%C4%87.%20%3Cscript%20language='JavaScript'%20type='text\/javascript'%3E%20%3C!--%20document.write(%20'%3C\/'%20);%20document.write(%20'span%3E'%20);%20\/\/--%3E%20%3C\/script%3E\" mce_href=\"mailto:  &lt;script language='JavaScript' type='text\/javascript'&gt;  &lt;!--  var prefix = 'mailto:';  var suffix = '';  var attribs = '';  var path = 'hr' + 'ef' + '=';  var addy63903 = 'coew' + '@';  addy63903 = addy63903 + 'hydrotor' + '.' + 'com' + '.' + 'pl';  document.write( '&lt;a ' + path + '\\'' + prefix + addy63903 + suffix + '\\'' + attribs + '&gt;' );  document.write( addy63903 );  document.write( '&lt;\\\/a&gt;' );  \/\/--&gt;  &lt;\/script&gt;&lt;script language='JavaScript' type='text\/javascript'&gt;  &lt;!--  document.write( '&lt;span style=\\'display: none;\\'&gt;' );  \/\/--&gt;  &lt;\/script&gt;Adres poczty elektronicznej jest chroniony przed robotami spamuj\u0105cymi. W przegl\u0105darce musi by\u0107 w\u0142\u0105czona obs\u0142uga JavaScript, \u017ceby go zobaczy\u0107.  &lt;script language='JavaScript' type='text\/javascript'&gt;  &lt;!--  document.write( '&lt;\/' );  document.write( 'span&gt;' );  \/\/--&gt;  &lt;\/script&gt;\" style=\"color: #ed1c24; font-weight: normal !important;\"><span lang=\"de-DE\"><\/span><\/a><a href=\"mailto:coew@hydrotor.com.pl\">coew@hydrotor.com.pl<\/a><\/u><\/span><\/p>\n<p>[\/et_pb_text][\/et_pb_column][et_pb_column type=&#8221;1_2&#8243; _builder_version=&#8221;4.9.10&#8243; _module_preset=&#8221;default&#8221; custom_padding=&#8221;50px||50px||true|false&#8221;][et_pb_contact_form captcha=&#8221;off&#8221; _builder_version=&#8221;4.9.10&#8243; _module_preset=&#8221;default&#8221; form_field_background_color=&#8221;#FFFFFF&#8221; form_field_text_color=&#8221;#000000&#8243; form_field_font_size=&#8221;16px&#8221; custom_button=&#8221;on&#8221; button_text_size=&#8221;16px&#8221; button_text_color=&#8221;#000000&#8243; button_bg_color=&#8221;#FFFFFF&#8221; button_border_width=&#8221;1px&#8221; button_border_color=&#8221;#db2700&#8243; button_border_radius=&#8221;0px&#8221; button_use_icon=&#8221;off&#8221; button_custom_padding=&#8221;10px|50px|10px|50px|true|true&#8221; border_width_all=&#8221;1px&#8221; border_color_all=&#8221;#db2700&#8243; form_field_background_color__hover_enabled=&#8221;on|hover&#8221; form_field_background_color__hover=&#8221;#db2700&#8243; form_field_focus_background_color__hover_enabled=&#8221;on|desktop&#8221; form_field_focus_background_color__hover=&#8221;#000000&#8243; form_field_text_color__hover_enabled=&#8221;on|hover&#8221; form_field_text_color__hover=&#8221;#FFFFFF&#8221; button_bg_color__hover_enabled=&#8221;on|desktop&#8221; button_bg_color__hover=&#8221;#db2700&#8243; button_bg_enable_color__hover=&#8221;on&#8221;][et_pb_contact_field field_id=&#8221;Name&#8221; field_title=&#8221;Imi\u0119 i Nazwisko&#8221; fullwidth_field=&#8221;on&#8221; _builder_version=&#8221;4.9.10&#8243; button_text_size__hover_enabled=&#8221;off&#8221; button_one_text_size__hover_enabled=&#8221;off&#8221; button_two_text_size__hover_enabled=&#8221;off&#8221; button_text_color__hover_enabled=&#8221;off&#8221; button_one_text_color__hover_enabled=&#8221;off&#8221; button_two_text_color__hover_enabled=&#8221;off&#8221; button_border_width__hover_enabled=&#8221;off&#8221; button_one_border_width__hover_enabled=&#8221;off&#8221; button_two_border_width__hover_enabled=&#8221;off&#8221; button_border_color__hover_enabled=&#8221;off&#8221; button_one_border_color__hover_enabled=&#8221;off&#8221; button_two_border_color__hover_enabled=&#8221;off&#8221; button_border_radius__hover_enabled=&#8221;off&#8221; button_one_border_radius__hover_enabled=&#8221;off&#8221; button_two_border_radius__hover_enabled=&#8221;off&#8221; button_letter_spacing__hover_enabled=&#8221;off&#8221; button_one_letter_spacing__hover_enabled=&#8221;off&#8221; button_two_letter_spacing__hover_enabled=&#8221;off&#8221; button_bg_color__hover_enabled=&#8221;off&#8221; button_one_bg_color__hover_enabled=&#8221;off&#8221; button_two_bg_color__hover_enabled=&#8221;off&#8221;][\/et_pb_contact_field][et_pb_contact_field field_id=&#8221;Email&#8221; field_title=&#8221;Adres email&#8221; field_type=&#8221;email&#8221; fullwidth_field=&#8221;on&#8221; _builder_version=&#8221;4.9.10&#8243; button_text_size__hover_enabled=&#8221;off&#8221; button_one_text_size__hover_enabled=&#8221;off&#8221; button_two_text_size__hover_enabled=&#8221;off&#8221; button_text_color__hover_enabled=&#8221;off&#8221; button_one_text_color__hover_enabled=&#8221;off&#8221; button_two_text_color__hover_enabled=&#8221;off&#8221; button_border_width__hover_enabled=&#8221;off&#8221; button_one_border_width__hover_enabled=&#8221;off&#8221; button_two_border_width__hover_enabled=&#8221;off&#8221; button_border_color__hover_enabled=&#8221;off&#8221; button_one_border_color__hover_enabled=&#8221;off&#8221; button_two_border_color__hover_enabled=&#8221;off&#8221; button_border_radius__hover_enabled=&#8221;off&#8221; button_one_border_radius__hover_enabled=&#8221;off&#8221; button_two_border_radius__hover_enabled=&#8221;off&#8221; button_letter_spacing__hover_enabled=&#8221;off&#8221; button_one_letter_spacing__hover_enabled=&#8221;off&#8221; button_two_letter_spacing__hover_enabled=&#8221;off&#8221; button_bg_color__hover_enabled=&#8221;off&#8221; button_one_bg_color__hover_enabled=&#8221;off&#8221; button_two_bg_color__hover_enabled=&#8221;off&#8221;][\/et_pb_contact_field][et_pb_contact_field field_id=&#8221;Telefon&#8221; field_title=&#8221;Numer telefonu&#8221; fullwidth_field=&#8221;on&#8221; _builder_version=&#8221;4.9.10&#8243; _module_preset=&#8221;default&#8221;][\/et_pb_contact_field][et_pb_contact_field field_id=&#8221;Message&#8221; field_title=&#8221;Wiadomo\u015b\u0107&#8221; field_type=&#8221;text&#8221; fullwidth_field=&#8221;on&#8221; _builder_version=&#8221;3.16&#8243; button_text_size__hover_enabled=&#8221;off&#8221; button_one_text_size__hover_enabled=&#8221;off&#8221; button_two_text_size__hover_enabled=&#8221;off&#8221; button_text_color__hover_enabled=&#8221;off&#8221; button_one_text_color__hover_enabled=&#8221;off&#8221; button_two_text_color__hover_enabled=&#8221;off&#8221; button_border_width__hover_enabled=&#8221;off&#8221; button_one_border_width__hover_enabled=&#8221;off&#8221; button_two_border_width__hover_enabled=&#8221;off&#8221; button_border_color__hover_enabled=&#8221;off&#8221; button_one_border_color__hover_enabled=&#8221;off&#8221; button_two_border_color__hover_enabled=&#8221;off&#8221; button_border_radius__hover_enabled=&#8221;off&#8221; button_one_border_radius__hover_enabled=&#8221;off&#8221; button_two_border_radius__hover_enabled=&#8221;off&#8221; button_letter_spacing__hover_enabled=&#8221;off&#8221; button_one_letter_spacing__hover_enabled=&#8221;off&#8221; button_two_letter_spacing__hover_enabled=&#8221;off&#8221; button_bg_color__hover_enabled=&#8221;off&#8221; button_one_bg_color__hover_enabled=&#8221;off&#8221; button_two_bg_color__hover_enabled=&#8221;off&#8221;][\/et_pb_contact_field][\/et_pb_contact_form][\/et_pb_column][\/et_pb_row][et_pb_row _builder_version=&#8221;4.9.10&#8243; _module_preset=&#8221;default&#8221; positioning=&#8221;absolute&#8221; position_origin_a=&#8221;center_right&#8221; max_width=&#8221;700px&#8221;][et_pb_column type=&#8221;4_4&#8243; _builder_version=&#8221;4.9.10&#8243; _module_preset=&#8221;default&#8221;][et_pb_image src=&#8221;https:\/\/hydrotor.pl\/wp-content\/uploads\/2021\/10\/ZP.svg&#8221; title_text=&#8221;ZP&#8221; align=&#8221;right&#8221; _builder_version=&#8221;4.9.10&#8243; _module_preset=&#8221;default&#8221; max_width=&#8221;700px&#8221;][\/et_pb_image][\/et_pb_column][\/et_pb_row][et_pb_row _builder_version=&#8221;4.9.10&#8243; _module_preset=&#8221;default&#8221; custom_margin=&#8221;50px||||false|false&#8221; custom_padding=&#8221;50px||||false|false&#8221;][et_pb_column type=&#8221;4_4&#8243; _builder_version=&#8221;4.9.10&#8243; _module_preset=&#8221;default&#8221;][et_pb_image src=&#8221;https:\/\/hydrotor.pl\/wp-content\/uploads\/2021\/09\/logohydrotor.png&#8221; title_text=&#8221;logohydrotor&#8221; align=&#8221;center&#8221; _builder_version=&#8221;4.9.10&#8243; _module_preset=&#8221;default&#8221; width=&#8221;30%&#8221; width_tablet=&#8221;&#8221; width_phone=&#8221;80%&#8221; width_last_edited=&#8221;on|phone&#8221; custom_padding=&#8221;||50px||false|false&#8221;][\/et_pb_image][\/et_pb_column][\/et_pb_row][\/et_pb_section]<\/p>\n","protected":false},"excerpt":{"rendered":"<p>kontaktPoznaj us\u0142ugi firmy Hydrotor S.A.kontaktKierownik ds. marketingu i utrzymania ruchu:Marcin RosewiczE-mail\u00a0mra@hydrotor.com.pl PHS Hydrotor S.A. Ul. Chojnicka 7289-500 TucholaNIP: 561-000-22-76Tel. +48 52\u00a0334 8711coew@hydrotor.com.pl<\/p>\n","protected":false},"author":1,"featured_media":0,"parent":0,"menu_order":0,"comment_status":"closed","ping_status":"closed","template":"","meta":{"_acf_changed":false,"_et_pb_use_builder":"on","_et_pb_old_content":"","_et_gb_content_width":"","footnotes":""},"class_list":["post-5798","page","type-page","status-publish","hentry"],"acf":[],"yoast_head":"<!-- This site is optimized with the Yoast SEO plugin v27.5 - https:\/\/yoast.com\/product\/yoast-seo-wordpress\/ -->\n<title>Kontakt Precyzyjnej Obr\u00f3bki - Hydrotor<\/title>\n<meta name=\"robots\" content=\"index, follow, max-snippet:-1, max-image-preview:large, max-video-preview:-1\" \/>\n<link rel=\"canonical\" href=\"https:\/\/hydrotor.pl\/de\/kontakt-precyzyjnej-obrobki\/\" \/>\n<meta property=\"og:locale\" content=\"de_DE\" \/>\n<meta property=\"og:type\" content=\"article\" \/>\n<meta property=\"og:title\" content=\"Kontakt Precyzyjnej Obr\u00f3bki - Hydrotor\" \/>\n<meta property=\"og:description\" content=\"kontaktPoznaj us\u0142ugi firmy Hydrotor S.A.kontaktKierownik ds. marketingu i utrzymania ruchu:Marcin RosewiczE-mail\u00a0mra@hydrotor.com.pl PHS Hydrotor S.A. Ul. Chojnicka 7289-500 TucholaNIP: 561-000-22-76Tel. +48 52\u00a0334 8711coew@hydrotor.com.pl\" \/>\n<meta property=\"og:url\" content=\"https:\/\/hydrotor.pl\/de\/kontakt-precyzyjnej-obrobki\/\" \/>\n<meta property=\"og:site_name\" content=\"Hydrotor\" \/>\n<meta property=\"article:publisher\" content=\"https:\/\/www.facebook.com\/Hydrotor-SA-113335720856570\" \/>\n<meta property=\"article:modified_time\" content=\"2022-01-13T10:25:41+00:00\" \/>\n<meta name=\"twitter:card\" content=\"summary_large_image\" \/>\n<meta name=\"twitter:label1\" content=\"Gesch\u00e4tzte Lesezeit\" \/>\n\t<meta name=\"twitter:data1\" content=\"6\u00a0Minuten\" \/>\n<script type=\"application\/ld+json\" class=\"yoast-schema-graph\">{\"@context\":\"https:\\\/\\\/schema.org\",\"@graph\":[{\"@type\":\"WebPage\",\"@id\":\"https:\\\/\\\/hydrotor.pl\\\/de\\\/kontakt-precyzyjnej-obrobki\\\/\",\"url\":\"https:\\\/\\\/hydrotor.pl\\\/de\\\/kontakt-precyzyjnej-obrobki\\\/\",\"name\":\"Kontakt Precyzyjnej Obr\u00f3bki - Hydrotor\",\"isPartOf\":{\"@id\":\"https:\\\/\\\/hydrotor.pl\\\/#website\"},\"datePublished\":\"2021-12-21T13:08:19+00:00\",\"dateModified\":\"2022-01-13T10:25:41+00:00\",\"breadcrumb\":{\"@id\":\"https:\\\/\\\/hydrotor.pl\\\/de\\\/kontakt-precyzyjnej-obrobki\\\/#breadcrumb\"},\"inLanguage\":\"de\",\"potentialAction\":[{\"@type\":\"ReadAction\",\"target\":[\"https:\\\/\\\/hydrotor.pl\\\/de\\\/kontakt-precyzyjnej-obrobki\\\/\"]}]},{\"@type\":\"BreadcrumbList\",\"@id\":\"https:\\\/\\\/hydrotor.pl\\\/de\\\/kontakt-precyzyjnej-obrobki\\\/#breadcrumb\",\"itemListElement\":[{\"@type\":\"ListItem\",\"position\":1,\"name\":\"Strona g\u0142\u00f3wna\",\"item\":\"https:\\\/\\\/hydrotor.pl\\\/\"},{\"@type\":\"ListItem\",\"position\":2,\"name\":\"Kontakt Precyzyjnej Obr\u00f3bki\"}]},{\"@type\":\"WebSite\",\"@id\":\"https:\\\/\\\/hydrotor.pl\\\/#website\",\"url\":\"https:\\\/\\\/hydrotor.pl\\\/\",\"name\":\"Hydrotor\",\"description\":\"Producent nowoczesnych system\u00f3w hydrauliki si\u0142owej z Bor\u00f3w Tucholskich\",\"publisher\":{\"@id\":\"https:\\\/\\\/hydrotor.pl\\\/#organization\"},\"potentialAction\":[{\"@type\":\"SearchAction\",\"target\":{\"@type\":\"EntryPoint\",\"urlTemplate\":\"https:\\\/\\\/hydrotor.pl\\\/?s={search_term_string}\"},\"query-input\":{\"@type\":\"PropertyValueSpecification\",\"valueRequired\":true,\"valueName\":\"search_term_string\"}}],\"inLanguage\":\"de\"},{\"@type\":\"Organization\",\"@id\":\"https:\\\/\\\/hydrotor.pl\\\/#organization\",\"name\":\"PHS Hydrotor S.A.\",\"url\":\"https:\\\/\\\/hydrotor.pl\\\/\",\"logo\":{\"@type\":\"ImageObject\",\"inLanguage\":\"de\",\"@id\":\"https:\\\/\\\/hydrotor.pl\\\/#\\\/schema\\\/logo\\\/image\\\/\",\"url\":\"https:\\\/\\\/hydrotor.appworks-dev.pl\\\/wp-content\\\/uploads\\\/2022\\\/01\\\/PHS-Hydrotor-S.A-1.png\",\"contentUrl\":\"https:\\\/\\\/hydrotor.appworks-dev.pl\\\/wp-content\\\/uploads\\\/2022\\\/01\\\/PHS-Hydrotor-S.A-1.png\",\"width\":1200,\"height\":630,\"caption\":\"PHS Hydrotor S.A.\"},\"image\":{\"@id\":\"https:\\\/\\\/hydrotor.pl\\\/#\\\/schema\\\/logo\\\/image\\\/\"},\"sameAs\":[\"https:\\\/\\\/www.facebook.com\\\/Hydrotor-SA-113335720856570\"]}]}<\/script>\n<!-- \/ Yoast SEO plugin. -->","yoast_head_json":{"title":"Kontakt Precyzyjnej Obr\u00f3bki - Hydrotor","robots":{"index":"index","follow":"follow","max-snippet":"max-snippet:-1","max-image-preview":"max-image-preview:large","max-video-preview":"max-video-preview:-1"},"canonical":"https:\/\/hydrotor.pl\/de\/kontakt-precyzyjnej-obrobki\/","og_locale":"de_DE","og_type":"article","og_title":"Kontakt Precyzyjnej Obr\u00f3bki - Hydrotor","og_description":"kontaktPoznaj us\u0142ugi firmy Hydrotor S.A.kontaktKierownik ds. marketingu i utrzymania ruchu:Marcin RosewiczE-mail\u00a0mra@hydrotor.com.pl PHS Hydrotor S.A. Ul. Chojnicka 7289-500 TucholaNIP: 561-000-22-76Tel. +48 52\u00a0334 8711coew@hydrotor.com.pl","og_url":"https:\/\/hydrotor.pl\/de\/kontakt-precyzyjnej-obrobki\/","og_site_name":"Hydrotor","article_publisher":"https:\/\/www.facebook.com\/Hydrotor-SA-113335720856570","article_modified_time":"2022-01-13T10:25:41+00:00","twitter_card":"summary_large_image","twitter_misc":{"Gesch\u00e4tzte Lesezeit":"6\u00a0Minuten"},"schema":{"@context":"https:\/\/schema.org","@graph":[{"@type":"WebPage","@id":"https:\/\/hydrotor.pl\/de\/kontakt-precyzyjnej-obrobki\/","url":"https:\/\/hydrotor.pl\/de\/kontakt-precyzyjnej-obrobki\/","name":"Kontakt Precyzyjnej Obr\u00f3bki - Hydrotor","isPartOf":{"@id":"https:\/\/hydrotor.pl\/#website"},"datePublished":"2021-12-21T13:08:19+00:00","dateModified":"2022-01-13T10:25:41+00:00","breadcrumb":{"@id":"https:\/\/hydrotor.pl\/de\/kontakt-precyzyjnej-obrobki\/#breadcrumb"},"inLanguage":"de","potentialAction":[{"@type":"ReadAction","target":["https:\/\/hydrotor.pl\/de\/kontakt-precyzyjnej-obrobki\/"]}]},{"@type":"BreadcrumbList","@id":"https:\/\/hydrotor.pl\/de\/kontakt-precyzyjnej-obrobki\/#breadcrumb","itemListElement":[{"@type":"ListItem","position":1,"name":"Strona g\u0142\u00f3wna","item":"https:\/\/hydrotor.pl\/"},{"@type":"ListItem","position":2,"name":"Kontakt Precyzyjnej Obr\u00f3bki"}]},{"@type":"WebSite","@id":"https:\/\/hydrotor.pl\/#website","url":"https:\/\/hydrotor.pl\/","name":"Hydrotor","description":"Producent nowoczesnych system\u00f3w hydrauliki si\u0142owej z Bor\u00f3w Tucholskich","publisher":{"@id":"https:\/\/hydrotor.pl\/#organization"},"potentialAction":[{"@type":"SearchAction","target":{"@type":"EntryPoint","urlTemplate":"https:\/\/hydrotor.pl\/?s={search_term_string}"},"query-input":{"@type":"PropertyValueSpecification","valueRequired":true,"valueName":"search_term_string"}}],"inLanguage":"de"},{"@type":"Organization","@id":"https:\/\/hydrotor.pl\/#organization","name":"PHS Hydrotor S.A.","url":"https:\/\/hydrotor.pl\/","logo":{"@type":"ImageObject","inLanguage":"de","@id":"https:\/\/hydrotor.pl\/#\/schema\/logo\/image\/","url":"https:\/\/hydrotor.appworks-dev.pl\/wp-content\/uploads\/2022\/01\/PHS-Hydrotor-S.A-1.png","contentUrl":"https:\/\/hydrotor.appworks-dev.pl\/wp-content\/uploads\/2022\/01\/PHS-Hydrotor-S.A-1.png","width":1200,"height":630,"caption":"PHS Hydrotor S.A."},"image":{"@id":"https:\/\/hydrotor.pl\/#\/schema\/logo\/image\/"},"sameAs":["https:\/\/www.facebook.com\/Hydrotor-SA-113335720856570"]}]}},"_links":{"self":[{"href":"https:\/\/hydrotor.pl\/de\/wp-json\/wp\/v2\/pages\/5798","targetHints":{"allow":["GET"]}}],"collection":[{"href":"https:\/\/hydrotor.pl\/de\/wp-json\/wp\/v2\/pages"}],"about":[{"href":"https:\/\/hydrotor.pl\/de\/wp-json\/wp\/v2\/types\/page"}],"author":[{"embeddable":true,"href":"https:\/\/hydrotor.pl\/de\/wp-json\/wp\/v2\/users\/1"}],"replies":[{"embeddable":true,"href":"https:\/\/hydrotor.pl\/de\/wp-json\/wp\/v2\/comments?post=5798"}],"version-history":[{"count":2,"href":"https:\/\/hydrotor.pl\/de\/wp-json\/wp\/v2\/pages\/5798\/revisions"}],"predecessor-version":[{"id":5950,"href":"https:\/\/hydrotor.pl\/de\/wp-json\/wp\/v2\/pages\/5798\/revisions\/5950"}],"wp:attachment":[{"href":"https:\/\/hydrotor.pl\/de\/wp-json\/wp\/v2\/media?parent=5798"}],"curies":[{"name":"wp","href":"https:\/\/api.w.org\/{rel}","templated":true}]}}