{"id":5489,"date":"2021-10-05T08:50:35","date_gmt":"2021-10-05T08:50:35","guid":{"rendered":"https:\/\/hydrotor.pl\/regulamin\/"},"modified":"2024-04-05T08:17:31","modified_gmt":"2024-04-05T06:17:31","slug":"rodo","status":"publish","type":"page","link":"https:\/\/hydrotor.pl\/en\/rodo\/","title":{"rendered":"RODO"},"content":{"rendered":"<p>[et_pb_section fb_built=&#8221;1&#8243; _builder_version=&#8221;4.16&#8243; _module_preset=&#8221;default&#8221; global_colors_info=&#8221;{}&#8221;][et_pb_row _builder_version=&#8221;4.16&#8243; _module_preset=&#8221;default&#8221; max_width=&#8221;100%&#8221; custom_padding=&#8221;||50px||false|false&#8221; global_colors_info=&#8221;{}&#8221;][et_pb_column type=&#8221;4_4&#8243; _builder_version=&#8221;4.16&#8243; _module_preset=&#8221;default&#8221; global_colors_info=&#8221;{}&#8221;][et_pb_text _builder_version=&#8221;4.16&#8243; _module_preset=&#8221;default&#8221; text_font=&#8221;Bebas Neue||||||||&#8221; text_text_color=&#8221;#1068a0&#8243; text_font_size=&#8221;40px&#8221; text_line_height=&#8221;1.5em&#8221; header_font=&#8221;Bebas Neue||||||||&#8221; header_font_size=&#8221;60px&#8221; global_colors_info=&#8221;{}&#8221;]<\/p>\n<p>RODO \u2013 OBOWI\u0104ZEK INFORMACYJNY W ZAKRESIE OCHRONY DANYCH OSOBOWYCH<\/p>\n<p>[\/et_pb_text][et_pb_divider divider_weight=&#8221;2px&#8221; _builder_version=&#8221;4.16&#8243; _module_preset=&#8221;default&#8221; width=&#8221;40%&#8221; global_colors_info=&#8221;{}&#8221;][\/et_pb_divider][et_pb_text _builder_version=&#8221;4.24.3&#8243; _module_preset=&#8221;default&#8221; text_font=&#8221;Source Sans Pro||||||||&#8221; text_text_color=&#8221;#000000&#8243; text_font_size=&#8221;22px&#8221; text_line_height=&#8221;1.5em&#8221; hover_enabled=&#8221;0&#8243; global_colors_info=&#8221;{}&#8221; sticky_enabled=&#8221;0&#8243;]<\/p>\n<p>Realizuj\u0105c obowi\u0105zek informacyjny dotycz\u0105cy przetwarzania Pa\u0144stwa danych osobowych, wynikaj\u0105cy z art. 13 ust. 1 i 2 \u201eRODO\u201d [1] , przedstawiamy poni\u017csze informacje:<\/p>\n<p><strong>1. Informacje dotycz\u0105ce Administratora:<\/strong><\/p>\n<p>Administratorem Pa\u0144stwa danych osobowych jest Przedsi\u0119biorstwo Hydrauliki Si\u0142owej HYDROTOR S.A. z siedzib\u0105 przy ul. Chojnickiej 72 (89-500), tel. 52 3363606,\u00a0\u00a0 e-mail <a href=\"mailto:hydrotor@hydrotor.com.pl\">hydrotor@hydrotor.com.pl<\/a><\/p>\n<p><strong>2. Informacje dotycz\u0105ce Inspektora Ochrony Danych:<\/strong><\/p>\n<p>Administrator wyznaczy\u0142 inspektora ochrony danych, Pana Mariusza S\u0142owikowskiego, z kt\u00f3rym mo\u017cna si\u0119 kontaktowa\u0107 w sprawach dotycz\u0105cych przetwarzania danych, poprzez adres e-mail: <a href=\"mailto:iod@hydrotor.com.pl\">iod@hydrotor.com.pl<\/a><\/p>\n<p><strong>3. Cel przetwarzania Pa\u0144stwa danych oraz podstawa prawna.<\/strong><\/p>\n<p>Pa\u0144stwa dane osobowe przetwarzane b\u0119d\u0105:<\/p>\n<ul>\n<li>na podstawie art. 6 ust. 1 lit. b \u201eRODO\u201d w zwi\u0105zku z wykonywaniem umowy, kt\u00f3rej stron\u0105 Pa\u0144stwo jeste\u015bcie lub do czynno\u015bci niezb\u0119dnych przed jej wykonaniem.<\/li>\n<li>na podstawie art. 6 ust. 1 lit. f \u201eRODO\u201d do cel\u00f3w zwi\u0105zanych z prawnie uzasadnionym interesem w szczeg\u00f3lno\u015bci do ochrony w\u0142asnych praw i przed roszczeniami<\/li>\n<li>na podstawie art.6 ust. 1 lit c \u201eRODO\u201d w celu wype\u0142nienia obowi\u0105zku prawnego ci\u0105\u017c\u0105cego na administratorze [2]<\/li>\n<li>je\u017celi b\u0119dziemy chcieli przetwarza\u0107 dane osobowe w innym celu poprosimy Pa\u0144stwa o zgod\u0119, na podstawie art. 6 ust. 1 lit. a.<\/li>\n<\/ul>\n<p><strong>4. Komu przekazujemy Pa\u0144stwa dane.<\/strong><\/p>\n<p>Nie b\u0119dziemy nikomu przekazywa\u0107 Pa\u0144stwa danych w celach komercyjnych. Pa\u0144stwa dane mog\u0105 by\u0107 jednak udost\u0119pniane innym podmiotom, upowa\u017cnionym do tego na mocy obowi\u0105zuj\u0105cych przepis\u00f3w prawa oraz podmiotom, z kt\u00f3rymi zawarli\u015bmy stosowne umowy o wsp\u00f3\u0142pracy a powierzenie przetwarzania danych z tym zwi\u0105zane jest nieuniknione lub niezb\u0119dne do realizacji umowy. B\u0119d\u0105 to np. podmioty \u015bwiadcz\u0105ce us\u0142ugi informatyczne, czy konserwacje i napraw\u0119 monitoringu. Z zastrze\u017ceniem jednak, \u017ce dane przetwarzane b\u0119d\u0105 tylko w zakresie niezb\u0119dnym do realizacji umowy bez mo\u017cliwo\u015bci wykorzystania ich w innych celach.<\/p>\n<p><strong>5. Okres przechowywania danych.<\/strong><\/p>\n<p>Pa\u0144stwa dane osobowe b\u0119d\u0105 przechowywane przez okres przewidziany przepisami prawa lub w przypadku udzielenia zgody, przez okres w niej wskazany.<\/p>\n<p><strong>6. Posiadaj\u0105 Pa\u0144stwo uprawnienia zwi\u0105zane z przetwarzaniem danych osobowych.<\/strong><\/p>\n<p>Prawo do:<\/p>\n<ul>\n<li>dost\u0119pu do tre\u015bci swoich danych i ich sprostowania,<\/li>\n<li>usuni\u0119cia oraz ograniczenia przetwarzania,<\/li>\n<li>przenoszenia danych,<\/li>\n<li>cofni\u0119cia zgody w dowolnym momencie bez wp\u0142ywu na zgodno\u015b\u0107 z prawem przetwarzania (je\u017celi przetwarzanie odbywa si\u0119 na podstawie zgody), kt\u00f3rego dokonano na podstawie zgody przed jej cofni\u0119ciem;<\/li>\n<li>wniesienia skargi do PUODO, gdy uznaj\u0105 Pa\u0144stwo, i\u017c przetwarzanie danych osobowych Pa\u0144stwa dotycz\u0105cych narusza przepisy og\u00f3lnego rozporz\u0105dzenia o ochronie danych osobowych.<\/li>\n<\/ul>\n<p>Maj\u0105 Pa\u0144stwo prawo wniesienia sprzeciwu.<\/p>\n<p><strong>7. Obowi\u0105zek podania danych.<\/strong><\/p>\n<p>Podanie przez Pa\u0144stwa danych osobowych jest wymogiem ustawowym w przypadku realizacji cel\u00f3w okre\u015blonych w przepisach prawa. Jeste\u015bcie Pa\u0144stwo zobowi\u0105zani do ich podania a konsekwencj\u0105 niepodania danych by\u0142by brak mo\u017cliwo\u015bci zrealizowania celu. W przypadku \u015bwiadczenia us\u0142ug i zawierania z tym zwi\u0105zanych um\u00f3w, podanie danych jest dobrowolne, ale niezb\u0119dne do wykonania czynno\u015bci zwi\u0105zanych z wykonania us\u0142ugi, realizacj\u0105 umowy. W przypadku przetwarzania danych na podstawie Pa\u0144stwa zgody podanie danych jest dobrowolne, jednak niepodanie danych wykluczy mo\u017cliwo\u015b\u0107 realizacji celu wskazanego w zgodzie.<\/p>\n<p><strong>8. Informacja o zautomatyzowanym podejmowaniu decyzji, w tym o profilowaniu<\/strong><\/p>\n<p>Pa\u0144stwa dane nie b\u0119d\u0105 przetwarzane w spos\u00f3b zautomatyzowany w tym r\u00f3wnie\u017c w formie profilowania.<\/p>\n<p><span>[1] <\/span>Rozporz\u0105dzenie Parlamentu Europejskiego i Rady (UE) 2016\/679 z dnia 27 kwietnia 2016 r. w sprawie ochrony os\u00f3b fizycznych w zwi\u0105zku z przetwarzaniem danych osobowych i w sprawie swobodnego przep\u0142ywu takich danych oraz uchylenia dyrektywy 95\/46\/WE (og\u00f3lne rozporz\u0105dzenie o ochronie danych) (Dz. Urz. UE L Nr 119, s.1)<sup><\/sup><\/p>\n<p><span>[2]<\/span> W szczeg\u00f3lno\u015bci do wype\u0142niania obowi\u0105zku prawno-podatkowego Ustawa z dnia 11 marca 2004r. o podatku od towaru i us\u0142ug (Dz. U.2004 Nr 54 poz. 535 z p\u00f3\u017a. zm.) oraz innych akt\u00f3w prawnych reguluj\u0105cych dzia\u0142alno\u015b\u0107 Administratora.<\/p>\n<p>[\/et_pb_text][\/et_pb_column][\/et_pb_row][\/et_pb_section]<\/p>\n","protected":false},"excerpt":{"rendered":"<p>RODO \u2013 OBOWI\u0104ZEK INFORMACYJNY W ZAKRESIE OCHRONY DANYCH OSOBOWYCHRealizuj\u0105c obowi\u0105zek informacyjny dotycz\u0105cy przetwarzania Pa\u0144stwa danych osobowych, wynikaj\u0105cy z art. 13 ust. 1 i 2 \u201eRODO\u201d [1] , przedstawiamy poni\u017csze informacje: 1. Informacje dotycz\u0105ce Administratora: Administratorem Pa\u0144stwa danych osobowych jest Przedsi\u0119biorstwo Hydrauliki Si\u0142owej HYDROTOR S.A. z siedzib\u0105 przy ul. Chojnickiej 72 (89-500), tel. 52 3363606,\u00a0\u00a0 e-mail hydrotor@hydrotor.com.pl 2. Informacje dotycz\u0105ce Inspektora Ochrony Danych: Administrator wyznaczy\u0142 inspektora ochrony danych, Pana Mariusza S\u0142owikowskiego, z kt\u00f3rym mo\u017cna si\u0119 kontaktowa\u0107 w sprawach dotycz\u0105cych przetwarzania danych, poprzez adres e-mail: iod@hydrotor.com.pl 3. Cel przetwarzania Pa\u0144stwa danych oraz podstawa prawna. Pa\u0144stwa dane osobowe przetwarzane b\u0119d\u0105: na podstawie art. 6 ust. 1 lit. b \u201eRODO\u201d w zwi\u0105zku z wykonywaniem umowy, kt\u00f3rej stron\u0105 Pa\u0144stwo jeste\u015bcie lub do czynno\u015bci niezb\u0119dnych przed jej wykonaniem. na podstawie art. 6 ust. 1 lit. f \u201eRODO\u201d do cel\u00f3w zwi\u0105zanych z prawnie uzasadnionym interesem w szczeg\u00f3lno\u015bci do ochrony w\u0142asnych praw i przed roszczeniami na podstawie art.6 ust. 1 lit c \u201eRODO\u201d w celu wype\u0142nienia obowi\u0105zku prawnego ci\u0105\u017c\u0105cego na administratorze [2] je\u017celi b\u0119dziemy chcieli przetwarza\u0107 dane osobowe w innym celu poprosimy Pa\u0144stwa o zgod\u0119, na podstawie art. 6 ust. 1 lit. a. 4. Komu przekazujemy Pa\u0144stwa dane. Nie b\u0119dziemy nikomu przekazywa\u0107 Pa\u0144stwa danych w celach komercyjnych. Pa\u0144stwa [&hellip;]<\/p>\n","protected":false},"author":1,"featured_media":0,"parent":0,"menu_order":0,"comment_status":"closed","ping_status":"closed","template":"","meta":{"_acf_changed":false,"_et_pb_use_builder":"on","_et_pb_old_content":"","_et_gb_content_width":"","footnotes":""},"class_list":["post-5489","page","type-page","status-publish","hentry"],"acf":[],"yoast_head":"<!-- This site is optimized with the Yoast SEO plugin v27.5 - https:\/\/yoast.com\/product\/yoast-seo-wordpress\/ -->\n<title>RODO - Hydrotor<\/title>\n<meta name=\"robots\" content=\"index, follow, max-snippet:-1, max-image-preview:large, max-video-preview:-1\" \/>\n<link rel=\"canonical\" href=\"https:\/\/hydrotor.pl\/en\/rodo\/\" \/>\n<meta property=\"og:locale\" content=\"en_US\" \/>\n<meta property=\"og:type\" content=\"article\" \/>\n<meta property=\"og:title\" content=\"RODO - Hydrotor\" \/>\n<meta property=\"og:description\" content=\"RODO \u2013 OBOWI\u0104ZEK INFORMACYJNY W ZAKRESIE OCHRONY DANYCH OSOBOWYCHRealizuj\u0105c obowi\u0105zek informacyjny dotycz\u0105cy przetwarzania Pa\u0144stwa danych osobowych, wynikaj\u0105cy z art. 13 ust. 1 i 2 \u201eRODO\u201d [1] , przedstawiamy poni\u017csze informacje: 1. Informacje dotycz\u0105ce Administratora: Administratorem Pa\u0144stwa danych osobowych jest Przedsi\u0119biorstwo Hydrauliki Si\u0142owej HYDROTOR S.A. z siedzib\u0105 przy ul. Chojnickiej 72 (89-500), tel. 52 3363606,\u00a0\u00a0 e-mail hydrotor@hydrotor.com.pl 2. Informacje dotycz\u0105ce Inspektora Ochrony Danych: Administrator wyznaczy\u0142 inspektora ochrony danych, Pana Mariusza S\u0142owikowskiego, z kt\u00f3rym mo\u017cna si\u0119 kontaktowa\u0107 w sprawach dotycz\u0105cych przetwarzania danych, poprzez adres e-mail: iod@hydrotor.com.pl 3. Cel przetwarzania Pa\u0144stwa danych oraz podstawa prawna. Pa\u0144stwa dane osobowe przetwarzane b\u0119d\u0105: na podstawie art. 6 ust. 1 lit. b \u201eRODO\u201d w zwi\u0105zku z wykonywaniem umowy, kt\u00f3rej stron\u0105 Pa\u0144stwo jeste\u015bcie lub do czynno\u015bci niezb\u0119dnych przed jej wykonaniem. na podstawie art. 6 ust. 1 lit. f \u201eRODO\u201d do cel\u00f3w zwi\u0105zanych z prawnie uzasadnionym interesem w szczeg\u00f3lno\u015bci do ochrony w\u0142asnych praw i przed roszczeniami na podstawie art.6 ust. 1 lit c \u201eRODO\u201d w celu wype\u0142nienia obowi\u0105zku prawnego ci\u0105\u017c\u0105cego na administratorze [2] je\u017celi b\u0119dziemy chcieli przetwarza\u0107 dane osobowe w innym celu poprosimy Pa\u0144stwa o zgod\u0119, na podstawie art. 6 ust. 1 lit. a. 4. Komu przekazujemy Pa\u0144stwa dane. Nie b\u0119dziemy nikomu przekazywa\u0107 Pa\u0144stwa danych w celach komercyjnych. Pa\u0144stwa [&hellip;]\" \/>\n<meta property=\"og:url\" content=\"https:\/\/hydrotor.pl\/en\/rodo\/\" \/>\n<meta property=\"og:site_name\" content=\"Hydrotor\" \/>\n<meta property=\"article:publisher\" content=\"https:\/\/www.facebook.com\/Hydrotor-SA-113335720856570\" \/>\n<meta property=\"article:modified_time\" content=\"2024-04-05T06:17:31+00:00\" \/>\n<meta name=\"twitter:card\" content=\"summary_large_image\" \/>\n<meta name=\"twitter:label1\" content=\"Est. reading time\" \/>\n\t<meta name=\"twitter:data1\" content=\"6 minutes\" \/>\n<script type=\"application\/ld+json\" class=\"yoast-schema-graph\">{\"@context\":\"https:\\\/\\\/schema.org\",\"@graph\":[{\"@type\":\"WebPage\",\"@id\":\"https:\\\/\\\/hydrotor.pl\\\/en\\\/rodo\\\/\",\"url\":\"https:\\\/\\\/hydrotor.pl\\\/en\\\/rodo\\\/\",\"name\":\"RODO - Hydrotor\",\"isPartOf\":{\"@id\":\"https:\\\/\\\/hydrotor.pl\\\/#website\"},\"datePublished\":\"2021-10-05T08:50:35+00:00\",\"dateModified\":\"2024-04-05T06:17:31+00:00\",\"breadcrumb\":{\"@id\":\"https:\\\/\\\/hydrotor.pl\\\/en\\\/rodo\\\/#breadcrumb\"},\"inLanguage\":\"en-US\",\"potentialAction\":[{\"@type\":\"ReadAction\",\"target\":[\"https:\\\/\\\/hydrotor.pl\\\/en\\\/rodo\\\/\"]}]},{\"@type\":\"BreadcrumbList\",\"@id\":\"https:\\\/\\\/hydrotor.pl\\\/en\\\/rodo\\\/#breadcrumb\",\"itemListElement\":[{\"@type\":\"ListItem\",\"position\":1,\"name\":\"Strona g\u0142\u00f3wna\",\"item\":\"https:\\\/\\\/hydrotor.pl\\\/en\\\/\"},{\"@type\":\"ListItem\",\"position\":2,\"name\":\"RODO\"}]},{\"@type\":\"WebSite\",\"@id\":\"https:\\\/\\\/hydrotor.pl\\\/#website\",\"url\":\"https:\\\/\\\/hydrotor.pl\\\/\",\"name\":\"Hydrotor\",\"description\":\"Producent nowoczesnych system\u00f3w hydrauliki si\u0142owej z Bor\u00f3w Tucholskich\",\"publisher\":{\"@id\":\"https:\\\/\\\/hydrotor.pl\\\/#organization\"},\"potentialAction\":[{\"@type\":\"SearchAction\",\"target\":{\"@type\":\"EntryPoint\",\"urlTemplate\":\"https:\\\/\\\/hydrotor.pl\\\/?s={search_term_string}\"},\"query-input\":{\"@type\":\"PropertyValueSpecification\",\"valueRequired\":true,\"valueName\":\"search_term_string\"}}],\"inLanguage\":\"en-US\"},{\"@type\":\"Organization\",\"@id\":\"https:\\\/\\\/hydrotor.pl\\\/#organization\",\"name\":\"PHS Hydrotor S.A.\",\"url\":\"https:\\\/\\\/hydrotor.pl\\\/\",\"logo\":{\"@type\":\"ImageObject\",\"inLanguage\":\"en-US\",\"@id\":\"https:\\\/\\\/hydrotor.pl\\\/#\\\/schema\\\/logo\\\/image\\\/\",\"url\":\"https:\\\/\\\/hydrotor.appworks-dev.pl\\\/wp-content\\\/uploads\\\/2022\\\/01\\\/PHS-Hydrotor-S.A-1.png\",\"contentUrl\":\"https:\\\/\\\/hydrotor.appworks-dev.pl\\\/wp-content\\\/uploads\\\/2022\\\/01\\\/PHS-Hydrotor-S.A-1.png\",\"width\":1200,\"height\":630,\"caption\":\"PHS Hydrotor S.A.\"},\"image\":{\"@id\":\"https:\\\/\\\/hydrotor.pl\\\/#\\\/schema\\\/logo\\\/image\\\/\"},\"sameAs\":[\"https:\\\/\\\/www.facebook.com\\\/Hydrotor-SA-113335720856570\"]}]}<\/script>\n<!-- \/ Yoast SEO plugin. -->","yoast_head_json":{"title":"RODO - Hydrotor","robots":{"index":"index","follow":"follow","max-snippet":"max-snippet:-1","max-image-preview":"max-image-preview:large","max-video-preview":"max-video-preview:-1"},"canonical":"https:\/\/hydrotor.pl\/en\/rodo\/","og_locale":"en_US","og_type":"article","og_title":"RODO - Hydrotor","og_description":"RODO \u2013 OBOWI\u0104ZEK INFORMACYJNY W ZAKRESIE OCHRONY DANYCH OSOBOWYCHRealizuj\u0105c obowi\u0105zek informacyjny dotycz\u0105cy przetwarzania Pa\u0144stwa danych osobowych, wynikaj\u0105cy z art. 13 ust. 1 i 2 \u201eRODO\u201d [1] , przedstawiamy poni\u017csze informacje: 1. Informacje dotycz\u0105ce Administratora: Administratorem Pa\u0144stwa danych osobowych jest Przedsi\u0119biorstwo Hydrauliki Si\u0142owej HYDROTOR S.A. z siedzib\u0105 przy ul. Chojnickiej 72 (89-500), tel. 52 3363606,\u00a0\u00a0 e-mail hydrotor@hydrotor.com.pl 2. Informacje dotycz\u0105ce Inspektora Ochrony Danych: Administrator wyznaczy\u0142 inspektora ochrony danych, Pana Mariusza S\u0142owikowskiego, z kt\u00f3rym mo\u017cna si\u0119 kontaktowa\u0107 w sprawach dotycz\u0105cych przetwarzania danych, poprzez adres e-mail: iod@hydrotor.com.pl 3. Cel przetwarzania Pa\u0144stwa danych oraz podstawa prawna. Pa\u0144stwa dane osobowe przetwarzane b\u0119d\u0105: na podstawie art. 6 ust. 1 lit. b \u201eRODO\u201d w zwi\u0105zku z wykonywaniem umowy, kt\u00f3rej stron\u0105 Pa\u0144stwo jeste\u015bcie lub do czynno\u015bci niezb\u0119dnych przed jej wykonaniem. na podstawie art. 6 ust. 1 lit. f \u201eRODO\u201d do cel\u00f3w zwi\u0105zanych z prawnie uzasadnionym interesem w szczeg\u00f3lno\u015bci do ochrony w\u0142asnych praw i przed roszczeniami na podstawie art.6 ust. 1 lit c \u201eRODO\u201d w celu wype\u0142nienia obowi\u0105zku prawnego ci\u0105\u017c\u0105cego na administratorze [2] je\u017celi b\u0119dziemy chcieli przetwarza\u0107 dane osobowe w innym celu poprosimy Pa\u0144stwa o zgod\u0119, na podstawie art. 6 ust. 1 lit. a. 4. Komu przekazujemy Pa\u0144stwa dane. Nie b\u0119dziemy nikomu przekazywa\u0107 Pa\u0144stwa danych w celach komercyjnych. Pa\u0144stwa [&hellip;]","og_url":"https:\/\/hydrotor.pl\/en\/rodo\/","og_site_name":"Hydrotor","article_publisher":"https:\/\/www.facebook.com\/Hydrotor-SA-113335720856570","article_modified_time":"2024-04-05T06:17:31+00:00","twitter_card":"summary_large_image","twitter_misc":{"Est. reading time":"6 minutes"},"schema":{"@context":"https:\/\/schema.org","@graph":[{"@type":"WebPage","@id":"https:\/\/hydrotor.pl\/en\/rodo\/","url":"https:\/\/hydrotor.pl\/en\/rodo\/","name":"RODO - Hydrotor","isPartOf":{"@id":"https:\/\/hydrotor.pl\/#website"},"datePublished":"2021-10-05T08:50:35+00:00","dateModified":"2024-04-05T06:17:31+00:00","breadcrumb":{"@id":"https:\/\/hydrotor.pl\/en\/rodo\/#breadcrumb"},"inLanguage":"en-US","potentialAction":[{"@type":"ReadAction","target":["https:\/\/hydrotor.pl\/en\/rodo\/"]}]},{"@type":"BreadcrumbList","@id":"https:\/\/hydrotor.pl\/en\/rodo\/#breadcrumb","itemListElement":[{"@type":"ListItem","position":1,"name":"Strona g\u0142\u00f3wna","item":"https:\/\/hydrotor.pl\/en\/"},{"@type":"ListItem","position":2,"name":"RODO"}]},{"@type":"WebSite","@id":"https:\/\/hydrotor.pl\/#website","url":"https:\/\/hydrotor.pl\/","name":"Hydrotor","description":"Producent nowoczesnych system\u00f3w hydrauliki si\u0142owej z Bor\u00f3w Tucholskich","publisher":{"@id":"https:\/\/hydrotor.pl\/#organization"},"potentialAction":[{"@type":"SearchAction","target":{"@type":"EntryPoint","urlTemplate":"https:\/\/hydrotor.pl\/?s={search_term_string}"},"query-input":{"@type":"PropertyValueSpecification","valueRequired":true,"valueName":"search_term_string"}}],"inLanguage":"en-US"},{"@type":"Organization","@id":"https:\/\/hydrotor.pl\/#organization","name":"PHS Hydrotor S.A.","url":"https:\/\/hydrotor.pl\/","logo":{"@type":"ImageObject","inLanguage":"en-US","@id":"https:\/\/hydrotor.pl\/#\/schema\/logo\/image\/","url":"https:\/\/hydrotor.appworks-dev.pl\/wp-content\/uploads\/2022\/01\/PHS-Hydrotor-S.A-1.png","contentUrl":"https:\/\/hydrotor.appworks-dev.pl\/wp-content\/uploads\/2022\/01\/PHS-Hydrotor-S.A-1.png","width":1200,"height":630,"caption":"PHS Hydrotor S.A."},"image":{"@id":"https:\/\/hydrotor.pl\/#\/schema\/logo\/image\/"},"sameAs":["https:\/\/www.facebook.com\/Hydrotor-SA-113335720856570"]}]}},"_links":{"self":[{"href":"https:\/\/hydrotor.pl\/en\/wp-json\/wp\/v2\/pages\/5489","targetHints":{"allow":["GET"]}}],"collection":[{"href":"https:\/\/hydrotor.pl\/en\/wp-json\/wp\/v2\/pages"}],"about":[{"href":"https:\/\/hydrotor.pl\/en\/wp-json\/wp\/v2\/types\/page"}],"author":[{"embeddable":true,"href":"https:\/\/hydrotor.pl\/en\/wp-json\/wp\/v2\/users\/1"}],"replies":[{"embeddable":true,"href":"https:\/\/hydrotor.pl\/en\/wp-json\/wp\/v2\/comments?post=5489"}],"version-history":[{"count":12,"href":"https:\/\/hydrotor.pl\/en\/wp-json\/wp\/v2\/pages\/5489\/revisions"}],"predecessor-version":[{"id":7016,"href":"https:\/\/hydrotor.pl\/en\/wp-json\/wp\/v2\/pages\/5489\/revisions\/7016"}],"wp:attachment":[{"href":"https:\/\/hydrotor.pl\/en\/wp-json\/wp\/v2\/media?parent=5489"}],"curies":[{"name":"wp","href":"https:\/\/api.w.org\/{rel}","templated":true}]}}