{"id":5772,"date":"2021-12-21T09:29:12","date_gmt":"2021-12-21T09:29:12","guid":{"rendered":"https:\/\/hydrotor.pl\/mmzg\/"},"modified":"2023-02-07T07:25:36","modified_gmt":"2023-02-07T07:25:36","slug":"mmzg","status":"publish","type":"page","link":"https:\/\/hydrotor.pl\/ru\/mmzg\/","title":{"rendered":"MMZG"},"content":{"rendered":"<p>[et_pb_section fb_built=&#8221;1&#8243; _builder_version=&#8221;4.16&#8243; _module_preset=&#8221;default&#8221; custom_margin=&#8221;0px||||false|false&#8221; custom_padding=&#8221;0px||||false|false&#8221; global_colors_info=&#8221;{}&#8221;][et_pb_row _builder_version=&#8221;4.16&#8243; _module_preset=&#8221;default&#8221; background_image=&#8221;https:\/\/hydrotor.pl\/wp-content\/uploads\/2021\/12\/zeiss_2.jpeg&#8221; width=&#8221;100%&#8221; max_width=&#8221;100%&#8221; global_colors_info=&#8221;{}&#8221;][et_pb_column type=&#8221;4_4&#8243; _builder_version=&#8221;4.16&#8243; _module_preset=&#8221;default&#8221; global_colors_info=&#8221;{}&#8221;][et_pb_text _builder_version=&#8221;4.16&#8243; _module_preset=&#8221;default&#8221; text_font=&#8221;Bebas Neue||||||||&#8221; text_text_color=&#8221;#FFFFFF&#8221; text_font_size=&#8221;60px&#8221; custom_padding=&#8221;100px||100px||true|false&#8221; text_line_height_tablet=&#8221;&#8221; text_line_height_phone=&#8221;1em&#8221; text_line_height_last_edited=&#8221;on|phone&#8221; text_text_shadow_style=&#8221;preset2&#8243; global_colors_info=&#8221;{}&#8221;]<\/p>\n<p style=\"text-align: center;\">maszyna pomiarowa zeiss mmzg 30\/60\/20<\/p>\n<p>[\/et_pb_text][\/et_pb_column][\/et_pb_row][et_pb_row _builder_version=&#8221;4.16&#8243; _module_preset=&#8221;default&#8221; background_color=&#8221;#FFFFFF&#8221; z_index=&#8221;500&#8243; custom_margin=&#8221;-50px||||false|false&#8221; box_shadow_style=&#8221;preset3&#8243; box_shadow_blur=&#8221;60px&#8221; box_shadow_spread=&#8221;-35px&#8221; box_shadow_color=&#8221;rgba(0,0,0,0.2)&#8221; global_colors_info=&#8221;{}&#8221;][et_pb_column type=&#8221;4_4&#8243; _builder_version=&#8221;4.16&#8243; _module_preset=&#8221;default&#8221; global_colors_info=&#8221;{}&#8221;][et_pb_text _builder_version=&#8221;4.16&#8243; _module_preset=&#8221;default&#8221; text_font=&#8221;Source Sans Pro||||||||&#8221; text_text_color=&#8221;#000000&#8243; text_font_size=&#8221;22px&#8221; text_line_height=&#8221;1.5em&#8221; custom_padding=&#8221;50px|15%|50px|15%|true|true&#8221; global_colors_info=&#8221;{}&#8221;]<\/p>\n<p style=\"text-align: center;\"><span>Poznaj us\u0142ugi firmy Hydrotor S.A.<\/span><\/p>\n<p>[\/et_pb_text][\/et_pb_column][\/et_pb_row][et_pb_row _builder_version=&#8221;4.16&#8243; _module_preset=&#8221;default&#8221; background_color=&#8221;#1068a0&#8243; z_index=&#8221;555&#8243; custom_margin=&#8221;0px||||false|false&#8221; global_colors_info=&#8221;{}&#8221;][et_pb_column type=&#8221;4_4&#8243; _builder_version=&#8221;4.16&#8243; _module_preset=&#8221;default&#8221; global_colors_info=&#8221;{}&#8221;][et_pb_menu menu_id=&#8221;82&#8243; menu_style=&#8221;centered&#8221; active_link_color=&#8221;#FFFFFF&#8221; dropdown_menu_bg_color=&#8221;#1068a0&#8243; mobile_menu_text_color=&#8221;#1068a0&#8243; menu_icon_color=&#8221;#FFFFFF&#8221; _builder_version=&#8221;4.16&#8243; _module_preset=&#8221;default&#8221; menu_font=&#8221;Bebas Neue||||||||&#8221; menu_text_color=&#8221;#FFFFFF&#8221; menu_font_size=&#8221;25px&#8221; background_enable_color=&#8221;off&#8221; global_colors_info=&#8221;{}&#8221;][\/et_pb_menu][\/et_pb_column][\/et_pb_row][et_pb_row _builder_version=&#8221;4.16&#8243; _module_preset=&#8221;default&#8221; custom_margin=&#8221;||0px||false|false&#8221; custom_padding=&#8221;||0px||false|false&#8221; global_colors_info=&#8221;{}&#8221;][et_pb_column type=&#8221;4_4&#8243; _builder_version=&#8221;4.16&#8243; _module_preset=&#8221;default&#8221; custom_padding=&#8221;50px||50px||true|false&#8221; global_colors_info=&#8221;{}&#8221;][et_pb_text _builder_version=&#8221;4.16&#8243; _module_preset=&#8221;default&#8221; text_font=&#8221;Bebas Neue||||||||&#8221; text_text_color=&#8221;#1068a0&#8243; text_font_size=&#8221;30px&#8221; text_line_height=&#8221;1.5em&#8221; custom_margin=&#8221;0px||20px||false|false&#8221; custom_padding=&#8221;0px|0px|0px|0px|false|true&#8221; global_colors_info=&#8221;{}&#8221;]<\/p>\n<p style=\"text-align: left;\">ZEISS MMZG<\/p>\n<p>[\/et_pb_text][et_pb_text _builder_version=&#8221;4.17.4&#8243; _module_preset=&#8221;default&#8221; text_font=&#8221;Source Sans Pro||||||||&#8221; text_text_color=&#8221;#000000&#8243; text_font_size=&#8221;22px&#8221; text_line_height=&#8221;1.5em&#8221; hover_enabled=&#8221;0&#8243; global_colors_info=&#8221;{}&#8221; sticky_enabled=&#8221;0&#8243;]<\/p>\n<p mce_style=\"text-align: justify;\">Wsp\u00f3\u0142rz\u0119dno\u015bciowa maszyna MMZG 30\/60\/20 wyprodukowana przez koncern Carl Zeiss pozwala na pomiary w zakresie: X-3000, Y-6000, Z-2000 mm z bardzo wysok\u0105 dok\u0142adno\u015bci\u0105. Nieprzekraczalny b\u0142\u0105d pomiaru d\u0142ugo\u015bci MPEE wynosi 3,5+L\/400 [\u00b5m]&lt;12. Aby zwi\u0119kszy\u0107 mo\u017cliwo\u015b\u0107 pomiaru du\u017cych cz\u0119\u015bci maszyna zosta\u0142a posadowiona na podporach o wysoko\u015bci 700mm. W ten spos\u00f3b prze\u015bwit pod portalem zosta\u0142 zwi\u0119kszony do 3200mm.<\/p>\n<p mce_style=\"text-align: justify;\">Opcja navigator umozliwia skanowanie z pr\u0119dko\u015bciami do 350mm\/s i pozwala dobra\u0107 optymaln\u0105 pr\u0119dko\u015b\u0107 skanowania w zale\u017cno\u015bci od rodzaju mierzonej cechy(pozycja, \u015brednica, b\u0142\u0105d kszta\u0142tu) oraz tolerancji.<\/p>\n<p mce_style=\"text-align: justify;\">Tego typu maszyna wykorzystywana jest do pomiaru du\u017cych korpus\u00f3w, wa\u0142k\u00f3w a tak\u017ce k\u00f3\u0142 z\u0119batych, kt\u00f3re ze wzgl\u0119du na bardzo w\u0105skie tolerancje wymagaj\u0105 u\u017cycia bardzo precyzyjnych maszyn pomiarowych. Dzi\u0119ki u\u017cyciu aktywnej g\u0142owicy skanujacej Zeiss VAST mo\u017cliwe jest prowadzenie pomiar\u00f3w przy wykorzystaniu ko\u0144c\u00f3wek wykonanych z w\u0142\u00f3kna w\u0119glowego o d\u0142ugo\u015bci dochodz\u0105cej do 1200 mm.<\/p>\n<p mce_style=\"text-align: justify;\">Pinola maszyny wsp\u00f3\u0142rz\u0119dno\u015bciowej jest zabezpieczona przed kolizj\u0105 specjaln\u0105 kurtyn\u0105 \u015bwietln\u0105. Przeci\u0119cie strumienia \u015bwiat\u0142a przez przesuwan\u0105 tulej\u0119 powoduje wy\u0142\u0105czenie nap\u0119d\u00f3w maszyny zanim dojdzie do kolizji.<\/p>\n<p mce_style=\"text-align: justify;\">Skanuj\u0105ca aktywna g\u0142owica Zeiss VAST gold zamocowana zosta\u0142a w specjalnym adapterze, kt\u00f3ry w przypadku ewentualnej kolizji odchyla g\u0142owic\u0119, zapobiegaj\u0105c jej uszkodzeniu.<\/p>\n<p>[\/et_pb_text][et_pb_text _builder_version=&#8221;4.16&#8243; _module_preset=&#8221;default&#8221; text_font=&#8221;Bebas Neue||||||||&#8221; text_text_color=&#8221;#1068a0&#8243; text_font_size=&#8221;30px&#8221; text_line_height=&#8221;1.5em&#8221; custom_margin=&#8221;0px||20px||false|false&#8221; custom_padding=&#8221;0px|0px|0px|0px|false|true&#8221; global_colors_info=&#8221;{}&#8221;]<\/p>\n<p style=\"text-align: left;\">WIEDZA<\/p>\n<p>[\/et_pb_text][et_pb_accordion open_toggle_background_color=&#8221;#FFFFFF&#8221; closed_toggle_background_color=&#8221;#FFFFFF&#8221; icon_color=&#8221;#24597b&#8221; _builder_version=&#8221;4.16&#8243; _module_preset=&#8221;default&#8221; toggle_text_color=&#8221;#24597b&#8221; toggle_font=&#8221;Bebas Neue||||||||&#8221; toggle_font_size=&#8221;22px&#8221; body_text_color=&#8221;#000000&#8243; body_font_size=&#8221;15px&#8221; body_line_height=&#8221;2em&#8221; background_color=&#8221;#FFFFFF&#8221; custom_margin=&#8221;||||false|false&#8221; border_color_all=&#8221;#24597b&#8221; global_colors_info=&#8221;{}&#8221;][et_pb_accordion_item title=&#8221;Precyzja w du\u017cym wymiarze &#8211; %22MECHANIK%22 NR 12\/2012&#8243; open=&#8221;on&#8221; _builder_version=&#8221;4.16&#8243; _module_preset=&#8221;default&#8221; custom_margin=&#8221;||10px||false|false&#8221; global_colors_info=&#8221;{}&#8221;]<\/p>\n<p>&#8220;Przedsi\u0119biorstwo Hydrauliki Si\u0142owej HYDROTOR S.A. w Tucholi jest najwi\u0119kszym polskim producentem element\u00f3w hydrauliki mobilnej. Grupa Kapita\u0142owa HYDROTOR zatrudnia ponad 700 pracownik\u00f3w w pi\u0119ciu sp\u00f3\u0142kach. W dw\u00f3ch sp\u00f3\u0142kach, zlokalizowanych na terenie Tucholi, pracuje ponad 430 os\u00f3b. Podstawowy asortyment produkcji stanowi\u0105 tam wysokoci\u015bnieniowe pompy z\u0119bate, pompy olejowe, rozdzielacze i zawory hydrauliczne. W zak\u0142adzie w Lubaniu \u015al\u0105skim produkowane s\u0105 natomiast cylindry hydrauliczne. (&#8230;)&#8221;<\/p>\n<p>Ca\u0142y artyku\u0142 w &#8220;MECHANIK NR 12\/2012&#8221; oraz do pobrania w za\u0142\u0105czniku:<\/p>\n<p><a href=\"https:\/\/hydrotor.pl\/wp-content\/uploads\/2021\/12\/precyzjawduzymwymiarzeMMZwHydrotormechanik2012.pdf\">Precyzja w du\u017cym wymiarze<\/a><\/p>\n<p>[\/et_pb_accordion_item][et_pb_accordion_item title=&#8221;Pomiarowy gigant &#8211; MM Magazyn Przemys\u0142owy &#8211; 12(123)2012&#8243; _builder_version=&#8221;4.16&#8243; _module_preset=&#8221;default&#8221; custom_margin=&#8221;||10px||false|false&#8221; global_colors_info=&#8221;{}&#8221; open=&#8221;off&#8221;]<\/p>\n<p>&#8220;Pomiarowy Gigant&#8221; i jego mo\u017cliwo\u015bci.<\/p>\n<p>&nbsp;<\/p>\n<p>[\/et_pb_accordion_item][et_pb_accordion_item title=&#8221;Przyk\u0142adowe wyniki pomiar\u00f3w z maszyny ZEISS MMZG 30\/60\/20&#8243; _builder_version=&#8221;4.16&#8243; _module_preset=&#8221;default&#8221; custom_margin=&#8221;||10px||false|false&#8221; global_colors_info=&#8221;{}&#8221; open=&#8221;off&#8221;]<\/p>\n<p>z maszyny ZEISS MMZG 30\/60\/20<\/p>\n<p><a href=\"https:\/\/hydrotor.pl\/wp-content\/uploads\/2021\/12\/456-067-H11.pdf\">456 067-H11<\/a><br \/><a href=\"https:\/\/hydrotor.pl\/wp-content\/uploads\/2021\/12\/H1-06.2013.2.pdf\">H1 06.2013.2<\/a><br \/><a href=\"https:\/\/hydrotor.pl\/wp-content\/uploads\/2021\/12\/H1-07.2013.pdf\">H1 07.2013<\/a><br \/><a href=\"https:\/\/hydrotor.pl\/wp-content\/uploads\/2021\/12\/H1-R977777484.pdf\">H1-R977777484<\/a><br \/><a href=\"https:\/\/hydrotor.pl\/wp-content\/uploads\/2021\/12\/H10-05.2013.nasz-program.pdf\">H10 05.2013<\/a><br \/><a href=\"https:\/\/hydrotor.pl\/wp-content\/uploads\/2021\/12\/H16_31_01_2014.pdf\">H16-31-01-2014<\/a><\/p>\n<p>[\/et_pb_accordion_item][\/et_pb_accordion][dsm_masonry_gallery gallery_ids=&#8221;2534,2533,2532,2531,2530,2529&#8243; use_lightbox=&#8221;on&#8221; use_zoom_on_hover=&#8221;on&#8221; _builder_version=&#8221;4.16&#8243; _module_preset=&#8221;default&#8221; global_colors_info=&#8221;{}&#8221;][\/dsm_masonry_gallery][\/et_pb_column][\/et_pb_row][et_pb_row _builder_version=&#8221;4.16&#8243; _module_preset=&#8221;default&#8221; custom_margin=&#8221;50px||||false|false&#8221; custom_padding=&#8221;50px||||false|false&#8221; global_colors_info=&#8221;{}&#8221;][et_pb_column type=&#8221;4_4&#8243; _builder_version=&#8221;4.16&#8243; _module_preset=&#8221;default&#8221; global_colors_info=&#8221;{}&#8221;][et_pb_image src=&#8221;https:\/\/hydrotor.pl\/wp-content\/uploads\/2021\/09\/logohydrotor.png&#8221; title_text=&#8221;logohydrotor&#8221; align=&#8221;center&#8221; _builder_version=&#8221;4.16&#8243; _module_preset=&#8221;default&#8221; width=&#8221;30%&#8221; width_tablet=&#8221;&#8221; width_phone=&#8221;80%&#8221; width_last_edited=&#8221;on|phone&#8221; custom_padding=&#8221;||50px||false|false&#8221; global_colors_info=&#8221;{}&#8221;][\/et_pb_image][\/et_pb_column][\/et_pb_row][\/et_pb_section]<\/p>\n","protected":false},"excerpt":{"rendered":"<p>maszyna pomiarowa zeiss mmzg 30\/60\/20Poznaj us\u0142ugi firmy Hydrotor S.A.ZEISS MMZGWsp\u00f3\u0142rz\u0119dno\u015bciowa maszyna MMZG 30\/60\/20 wyprodukowana przez koncern Carl Zeiss pozwala na pomiary w zakresie: X-3000, Y-6000, Z-2000 mm z bardzo wysok\u0105 dok\u0142adno\u015bci\u0105. Nieprzekraczalny b\u0142\u0105d pomiaru d\u0142ugo\u015bci MPEE wynosi 3,5+L\/400 [\u00b5m]&lt;12. Aby zwi\u0119kszy\u0107 mo\u017cliwo\u015b\u0107 pomiaru du\u017cych cz\u0119\u015bci maszyna zosta\u0142a posadowiona na podporach o wysoko\u015bci 700mm. W ten spos\u00f3b prze\u015bwit pod portalem zosta\u0142 zwi\u0119kszony do 3200mm. Opcja navigator umozliwia skanowanie z pr\u0119dko\u015bciami do 350mm\/s i pozwala dobra\u0107 optymaln\u0105 pr\u0119dko\u015b\u0107 skanowania w zale\u017cno\u015bci od rodzaju mierzonej cechy(pozycja, \u015brednica, b\u0142\u0105d kszta\u0142tu) oraz tolerancji. Tego typu maszyna wykorzystywana jest do pomiaru du\u017cych korpus\u00f3w, wa\u0142k\u00f3w a tak\u017ce k\u00f3\u0142 z\u0119batych, kt\u00f3re ze wzgl\u0119du na bardzo w\u0105skie tolerancje wymagaj\u0105 u\u017cycia bardzo precyzyjnych maszyn pomiarowych. Dzi\u0119ki u\u017cyciu aktywnej g\u0142owicy skanujacej Zeiss VAST mo\u017cliwe jest prowadzenie pomiar\u00f3w przy wykorzystaniu ko\u0144c\u00f3wek wykonanych z w\u0142\u00f3kna w\u0119glowego o d\u0142ugo\u015bci dochodz\u0105cej do 1200 mm. Pinola maszyny wsp\u00f3\u0142rz\u0119dno\u015bciowej jest zabezpieczona przed kolizj\u0105 specjaln\u0105 kurtyn\u0105 \u015bwietln\u0105. Przeci\u0119cie strumienia \u015bwiat\u0142a przez przesuwan\u0105 tulej\u0119 powoduje wy\u0142\u0105czenie nap\u0119d\u00f3w maszyny zanim dojdzie do kolizji. Skanuj\u0105ca aktywna g\u0142owica Zeiss VAST gold zamocowana zosta\u0142a w specjalnym adapterze, kt\u00f3ry w przypadku ewentualnej kolizji odchyla g\u0142owic\u0119, zapobiegaj\u0105c jej uszkodzeniu.WIEDZA&#8221;Przedsi\u0119biorstwo Hydrauliki Si\u0142owej HYDROTOR S.A. w Tucholi jest najwi\u0119kszym polskim producentem element\u00f3w hydrauliki mobilnej. Grupa Kapita\u0142owa HYDROTOR [&hellip;]<\/p>\n","protected":false},"author":1,"featured_media":0,"parent":0,"menu_order":0,"comment_status":"closed","ping_status":"closed","template":"","meta":{"_acf_changed":false,"_et_pb_use_builder":"on","_et_pb_old_content":"","_et_gb_content_width":"","footnotes":""},"class_list":["post-5772","page","type-page","status-publish","hentry"],"acf":[],"yoast_head":"<!-- This site is optimized with the Yoast SEO plugin v27.5 - https:\/\/yoast.com\/product\/yoast-seo-wordpress\/ -->\n<title>MMZG - Hydrotor<\/title>\n<meta name=\"robots\" content=\"index, follow, max-snippet:-1, max-image-preview:large, max-video-preview:-1\" \/>\n<link rel=\"canonical\" href=\"https:\/\/hydrotor.pl\/ru\/mmzg\/\" \/>\n<meta property=\"og:locale\" content=\"ru_RU\" \/>\n<meta property=\"og:type\" content=\"article\" \/>\n<meta property=\"og:title\" content=\"MMZG - Hydrotor\" \/>\n<meta property=\"og:description\" content=\"maszyna pomiarowa zeiss mmzg 30\/60\/20Poznaj us\u0142ugi firmy Hydrotor S.A.ZEISS MMZGWsp\u00f3\u0142rz\u0119dno\u015bciowa maszyna MMZG 30\/60\/20 wyprodukowana przez koncern Carl Zeiss pozwala na pomiary w zakresie: X-3000, Y-6000, Z-2000 mm z bardzo wysok\u0105 dok\u0142adno\u015bci\u0105. Nieprzekraczalny b\u0142\u0105d pomiaru d\u0142ugo\u015bci MPEE wynosi 3,5+L\/400 [\u00b5m]&lt;12. Aby zwi\u0119kszy\u0107 mo\u017cliwo\u015b\u0107 pomiaru du\u017cych cz\u0119\u015bci maszyna zosta\u0142a posadowiona na podporach o wysoko\u015bci 700mm. W ten spos\u00f3b prze\u015bwit pod portalem zosta\u0142 zwi\u0119kszony do 3200mm. Opcja navigator umozliwia skanowanie z pr\u0119dko\u015bciami do 350mm\/s i pozwala dobra\u0107 optymaln\u0105 pr\u0119dko\u015b\u0107 skanowania w zale\u017cno\u015bci od rodzaju mierzonej cechy(pozycja, \u015brednica, b\u0142\u0105d kszta\u0142tu) oraz tolerancji. Tego typu maszyna wykorzystywana jest do pomiaru du\u017cych korpus\u00f3w, wa\u0142k\u00f3w a tak\u017ce k\u00f3\u0142 z\u0119batych, kt\u00f3re ze wzgl\u0119du na bardzo w\u0105skie tolerancje wymagaj\u0105 u\u017cycia bardzo precyzyjnych maszyn pomiarowych. Dzi\u0119ki u\u017cyciu aktywnej g\u0142owicy skanujacej Zeiss VAST mo\u017cliwe jest prowadzenie pomiar\u00f3w przy wykorzystaniu ko\u0144c\u00f3wek wykonanych z w\u0142\u00f3kna w\u0119glowego o d\u0142ugo\u015bci dochodz\u0105cej do 1200 mm. Pinola maszyny wsp\u00f3\u0142rz\u0119dno\u015bciowej jest zabezpieczona przed kolizj\u0105 specjaln\u0105 kurtyn\u0105 \u015bwietln\u0105. Przeci\u0119cie strumienia \u015bwiat\u0142a przez przesuwan\u0105 tulej\u0119 powoduje wy\u0142\u0105czenie nap\u0119d\u00f3w maszyny zanim dojdzie do kolizji. Skanuj\u0105ca aktywna g\u0142owica Zeiss VAST gold zamocowana zosta\u0142a w specjalnym adapterze, kt\u00f3ry w przypadku ewentualnej kolizji odchyla g\u0142owic\u0119, zapobiegaj\u0105c jej uszkodzeniu.WIEDZA&quot;Przedsi\u0119biorstwo Hydrauliki Si\u0142owej HYDROTOR S.A. w Tucholi jest najwi\u0119kszym polskim producentem element\u00f3w hydrauliki mobilnej. Grupa Kapita\u0142owa HYDROTOR [&hellip;]\" \/>\n<meta property=\"og:url\" content=\"https:\/\/hydrotor.pl\/ru\/mmzg\/\" \/>\n<meta property=\"og:site_name\" content=\"Hydrotor\" \/>\n<meta property=\"article:publisher\" content=\"https:\/\/www.facebook.com\/Hydrotor-SA-113335720856570\" \/>\n<meta property=\"article:modified_time\" content=\"2023-02-07T07:25:36+00:00\" \/>\n<meta name=\"twitter:card\" content=\"summary_large_image\" \/>\n<meta name=\"twitter:label1\" content=\"\u041f\u0440\u0438\u043c\u0435\u0440\u043d\u043e\u0435 \u0432\u0440\u0435\u043c\u044f \u0434\u043b\u044f \u0447\u0442\u0435\u043d\u0438\u044f\" \/>\n\t<meta name=\"twitter:data1\" content=\"5 \u043c\u0438\u043d\u0443\u0442\" \/>\n<script type=\"application\/ld+json\" class=\"yoast-schema-graph\">{\"@context\":\"https:\\\/\\\/schema.org\",\"@graph\":[{\"@type\":\"WebPage\",\"@id\":\"https:\\\/\\\/hydrotor.pl\\\/ru\\\/mmzg\\\/\",\"url\":\"https:\\\/\\\/hydrotor.pl\\\/ru\\\/mmzg\\\/\",\"name\":\"MMZG - Hydrotor\",\"isPartOf\":{\"@id\":\"https:\\\/\\\/hydrotor.pl\\\/#website\"},\"datePublished\":\"2021-12-21T09:29:12+00:00\",\"dateModified\":\"2023-02-07T07:25:36+00:00\",\"breadcrumb\":{\"@id\":\"https:\\\/\\\/hydrotor.pl\\\/ru\\\/mmzg\\\/#breadcrumb\"},\"inLanguage\":\"ru-RU\",\"potentialAction\":[{\"@type\":\"ReadAction\",\"target\":[\"https:\\\/\\\/hydrotor.pl\\\/ru\\\/mmzg\\\/\"]}]},{\"@type\":\"BreadcrumbList\",\"@id\":\"https:\\\/\\\/hydrotor.pl\\\/ru\\\/mmzg\\\/#breadcrumb\",\"itemListElement\":[{\"@type\":\"ListItem\",\"position\":1,\"name\":\"Strona g\u0142\u00f3wna\",\"item\":\"https:\\\/\\\/hydrotor.pl\\\/\"},{\"@type\":\"ListItem\",\"position\":2,\"name\":\"MMZG\"}]},{\"@type\":\"WebSite\",\"@id\":\"https:\\\/\\\/hydrotor.pl\\\/#website\",\"url\":\"https:\\\/\\\/hydrotor.pl\\\/\",\"name\":\"Hydrotor\",\"description\":\"Producent nowoczesnych system\u00f3w hydrauliki si\u0142owej z Bor\u00f3w Tucholskich\",\"publisher\":{\"@id\":\"https:\\\/\\\/hydrotor.pl\\\/#organization\"},\"potentialAction\":[{\"@type\":\"SearchAction\",\"target\":{\"@type\":\"EntryPoint\",\"urlTemplate\":\"https:\\\/\\\/hydrotor.pl\\\/?s={search_term_string}\"},\"query-input\":{\"@type\":\"PropertyValueSpecification\",\"valueRequired\":true,\"valueName\":\"search_term_string\"}}],\"inLanguage\":\"ru-RU\"},{\"@type\":\"Organization\",\"@id\":\"https:\\\/\\\/hydrotor.pl\\\/#organization\",\"name\":\"PHS Hydrotor S.A.\",\"url\":\"https:\\\/\\\/hydrotor.pl\\\/\",\"logo\":{\"@type\":\"ImageObject\",\"inLanguage\":\"ru-RU\",\"@id\":\"https:\\\/\\\/hydrotor.pl\\\/#\\\/schema\\\/logo\\\/image\\\/\",\"url\":\"https:\\\/\\\/hydrotor.appworks-dev.pl\\\/wp-content\\\/uploads\\\/2022\\\/01\\\/PHS-Hydrotor-S.A-1.png\",\"contentUrl\":\"https:\\\/\\\/hydrotor.appworks-dev.pl\\\/wp-content\\\/uploads\\\/2022\\\/01\\\/PHS-Hydrotor-S.A-1.png\",\"width\":1200,\"height\":630,\"caption\":\"PHS Hydrotor S.A.\"},\"image\":{\"@id\":\"https:\\\/\\\/hydrotor.pl\\\/#\\\/schema\\\/logo\\\/image\\\/\"},\"sameAs\":[\"https:\\\/\\\/www.facebook.com\\\/Hydrotor-SA-113335720856570\"]}]}<\/script>\n<!-- \/ Yoast SEO plugin. -->","yoast_head_json":{"title":"MMZG - Hydrotor","robots":{"index":"index","follow":"follow","max-snippet":"max-snippet:-1","max-image-preview":"max-image-preview:large","max-video-preview":"max-video-preview:-1"},"canonical":"https:\/\/hydrotor.pl\/ru\/mmzg\/","og_locale":"ru_RU","og_type":"article","og_title":"MMZG - Hydrotor","og_description":"maszyna pomiarowa zeiss mmzg 30\/60\/20Poznaj us\u0142ugi firmy Hydrotor S.A.ZEISS MMZGWsp\u00f3\u0142rz\u0119dno\u015bciowa maszyna MMZG 30\/60\/20 wyprodukowana przez koncern Carl Zeiss pozwala na pomiary w zakresie: X-3000, Y-6000, Z-2000 mm z bardzo wysok\u0105 dok\u0142adno\u015bci\u0105. Nieprzekraczalny b\u0142\u0105d pomiaru d\u0142ugo\u015bci MPEE wynosi 3,5+L\/400 [\u00b5m]&lt;12. Aby zwi\u0119kszy\u0107 mo\u017cliwo\u015b\u0107 pomiaru du\u017cych cz\u0119\u015bci maszyna zosta\u0142a posadowiona na podporach o wysoko\u015bci 700mm. W ten spos\u00f3b prze\u015bwit pod portalem zosta\u0142 zwi\u0119kszony do 3200mm. Opcja navigator umozliwia skanowanie z pr\u0119dko\u015bciami do 350mm\/s i pozwala dobra\u0107 optymaln\u0105 pr\u0119dko\u015b\u0107 skanowania w zale\u017cno\u015bci od rodzaju mierzonej cechy(pozycja, \u015brednica, b\u0142\u0105d kszta\u0142tu) oraz tolerancji. Tego typu maszyna wykorzystywana jest do pomiaru du\u017cych korpus\u00f3w, wa\u0142k\u00f3w a tak\u017ce k\u00f3\u0142 z\u0119batych, kt\u00f3re ze wzgl\u0119du na bardzo w\u0105skie tolerancje wymagaj\u0105 u\u017cycia bardzo precyzyjnych maszyn pomiarowych. Dzi\u0119ki u\u017cyciu aktywnej g\u0142owicy skanujacej Zeiss VAST mo\u017cliwe jest prowadzenie pomiar\u00f3w przy wykorzystaniu ko\u0144c\u00f3wek wykonanych z w\u0142\u00f3kna w\u0119glowego o d\u0142ugo\u015bci dochodz\u0105cej do 1200 mm. Pinola maszyny wsp\u00f3\u0142rz\u0119dno\u015bciowej jest zabezpieczona przed kolizj\u0105 specjaln\u0105 kurtyn\u0105 \u015bwietln\u0105. Przeci\u0119cie strumienia \u015bwiat\u0142a przez przesuwan\u0105 tulej\u0119 powoduje wy\u0142\u0105czenie nap\u0119d\u00f3w maszyny zanim dojdzie do kolizji. Skanuj\u0105ca aktywna g\u0142owica Zeiss VAST gold zamocowana zosta\u0142a w specjalnym adapterze, kt\u00f3ry w przypadku ewentualnej kolizji odchyla g\u0142owic\u0119, zapobiegaj\u0105c jej uszkodzeniu.WIEDZA\"Przedsi\u0119biorstwo Hydrauliki Si\u0142owej HYDROTOR S.A. w Tucholi jest najwi\u0119kszym polskim producentem element\u00f3w hydrauliki mobilnej. Grupa Kapita\u0142owa HYDROTOR [&hellip;]","og_url":"https:\/\/hydrotor.pl\/ru\/mmzg\/","og_site_name":"Hydrotor","article_publisher":"https:\/\/www.facebook.com\/Hydrotor-SA-113335720856570","article_modified_time":"2023-02-07T07:25:36+00:00","twitter_card":"summary_large_image","twitter_misc":{"\u041f\u0440\u0438\u043c\u0435\u0440\u043d\u043e\u0435 \u0432\u0440\u0435\u043c\u044f \u0434\u043b\u044f \u0447\u0442\u0435\u043d\u0438\u044f":"5 \u043c\u0438\u043d\u0443\u0442"},"schema":{"@context":"https:\/\/schema.org","@graph":[{"@type":"WebPage","@id":"https:\/\/hydrotor.pl\/ru\/mmzg\/","url":"https:\/\/hydrotor.pl\/ru\/mmzg\/","name":"MMZG - Hydrotor","isPartOf":{"@id":"https:\/\/hydrotor.pl\/#website"},"datePublished":"2021-12-21T09:29:12+00:00","dateModified":"2023-02-07T07:25:36+00:00","breadcrumb":{"@id":"https:\/\/hydrotor.pl\/ru\/mmzg\/#breadcrumb"},"inLanguage":"ru-RU","potentialAction":[{"@type":"ReadAction","target":["https:\/\/hydrotor.pl\/ru\/mmzg\/"]}]},{"@type":"BreadcrumbList","@id":"https:\/\/hydrotor.pl\/ru\/mmzg\/#breadcrumb","itemListElement":[{"@type":"ListItem","position":1,"name":"Strona g\u0142\u00f3wna","item":"https:\/\/hydrotor.pl\/"},{"@type":"ListItem","position":2,"name":"MMZG"}]},{"@type":"WebSite","@id":"https:\/\/hydrotor.pl\/#website","url":"https:\/\/hydrotor.pl\/","name":"Hydrotor","description":"Producent nowoczesnych system\u00f3w hydrauliki si\u0142owej z Bor\u00f3w Tucholskich","publisher":{"@id":"https:\/\/hydrotor.pl\/#organization"},"potentialAction":[{"@type":"SearchAction","target":{"@type":"EntryPoint","urlTemplate":"https:\/\/hydrotor.pl\/?s={search_term_string}"},"query-input":{"@type":"PropertyValueSpecification","valueRequired":true,"valueName":"search_term_string"}}],"inLanguage":"ru-RU"},{"@type":"Organization","@id":"https:\/\/hydrotor.pl\/#organization","name":"PHS Hydrotor S.A.","url":"https:\/\/hydrotor.pl\/","logo":{"@type":"ImageObject","inLanguage":"ru-RU","@id":"https:\/\/hydrotor.pl\/#\/schema\/logo\/image\/","url":"https:\/\/hydrotor.appworks-dev.pl\/wp-content\/uploads\/2022\/01\/PHS-Hydrotor-S.A-1.png","contentUrl":"https:\/\/hydrotor.appworks-dev.pl\/wp-content\/uploads\/2022\/01\/PHS-Hydrotor-S.A-1.png","width":1200,"height":630,"caption":"PHS Hydrotor S.A."},"image":{"@id":"https:\/\/hydrotor.pl\/#\/schema\/logo\/image\/"},"sameAs":["https:\/\/www.facebook.com\/Hydrotor-SA-113335720856570"]}]}},"_links":{"self":[{"href":"https:\/\/hydrotor.pl\/ru\/wp-json\/wp\/v2\/pages\/5772","targetHints":{"allow":["GET"]}}],"collection":[{"href":"https:\/\/hydrotor.pl\/ru\/wp-json\/wp\/v2\/pages"}],"about":[{"href":"https:\/\/hydrotor.pl\/ru\/wp-json\/wp\/v2\/types\/page"}],"author":[{"embeddable":true,"href":"https:\/\/hydrotor.pl\/ru\/wp-json\/wp\/v2\/users\/1"}],"replies":[{"embeddable":true,"href":"https:\/\/hydrotor.pl\/ru\/wp-json\/wp\/v2\/comments?post=5772"}],"version-history":[{"count":3,"href":"https:\/\/hydrotor.pl\/ru\/wp-json\/wp\/v2\/pages\/5772\/revisions"}],"predecessor-version":[{"id":6445,"href":"https:\/\/hydrotor.pl\/ru\/wp-json\/wp\/v2\/pages\/5772\/revisions\/6445"}],"wp:attachment":[{"href":"https:\/\/hydrotor.pl\/ru\/wp-json\/wp\/v2\/media?parent=5772"}],"curies":[{"name":"wp","href":"https:\/\/api.w.org\/{rel}","templated":true}]}}