{"id":5783,"date":"2021-12-21T12:22:04","date_gmt":"2021-12-21T12:22:04","guid":{"rendered":"https:\/\/hydrotor.pl\/narzedzia-obrobcze\/"},"modified":"2022-01-13T10:23:24","modified_gmt":"2022-01-13T10:23:24","slug":"narzedzia-obrobcze","status":"publish","type":"page","link":"https:\/\/hydrotor.pl\/ru\/narzedzia-obrobcze\/","title":{"rendered":"Narz\u0119dzia obr\u00f3bcze"},"content":{"rendered":"<p>[et_pb_section fb_built=&#8221;1&#8243; _builder_version=&#8221;4.9.10&#8243; _module_preset=&#8221;default&#8221; custom_margin=&#8221;0px||||false|false&#8221; custom_padding=&#8221;0px||||false|false&#8221;][et_pb_row _builder_version=&#8221;4.9.10&#8243; _module_preset=&#8221;default&#8221; background_image=&#8221;https:\/\/hydrotor.pl\/wp-content\/uploads\/2021\/12\/zeiss_2.jpeg&#8221; width=&#8221;100%&#8221; max_width=&#8221;100%&#8221;][et_pb_column type=&#8221;4_4&#8243; _builder_version=&#8221;4.9.10&#8243; _module_preset=&#8221;default&#8221;][et_pb_text _builder_version=&#8221;4.9.10&#8243; _module_preset=&#8221;default&#8221; text_font=&#8221;Bebas Neue||||||||&#8221; text_text_color=&#8221;#FFFFFF&#8221; text_font_size=&#8221;60px&#8221; custom_padding=&#8221;100px||100px||true|false&#8221; text_text_shadow_style=&#8221;preset2&#8243;]<\/p>\n<p style=\"text-align: center;\">narz\u0119dzia obr\u00f3bcze<\/p>\n<p>[\/et_pb_text][\/et_pb_column][\/et_pb_row][et_pb_row _builder_version=&#8221;4.9.10&#8243; _module_preset=&#8221;default&#8221; background_color=&#8221;#FFFFFF&#8221; z_index=&#8221;500&#8243; custom_margin=&#8221;-50px||||false|false&#8221; box_shadow_style=&#8221;preset3&#8243; box_shadow_blur=&#8221;60px&#8221; box_shadow_spread=&#8221;-35px&#8221; box_shadow_color=&#8221;rgba(0,0,0,0.2)&#8221;][et_pb_column type=&#8221;4_4&#8243; _builder_version=&#8221;4.9.10&#8243; _module_preset=&#8221;default&#8221;][et_pb_text _builder_version=&#8221;4.9.10&#8243; _module_preset=&#8221;default&#8221; text_font=&#8221;Source Sans Pro||||||||&#8221; text_text_color=&#8221;#000000&#8243; text_font_size=&#8221;22px&#8221; text_line_height=&#8221;1.5em&#8221; custom_padding=&#8221;50px|15%|50px|15%|true|true&#8221;]<\/p>\n<p style=\"text-align: center;\"><span>Poznaj us\u0142ugi firmy Hydrotor S.A.<\/span><\/p>\n<p>[\/et_pb_text][\/et_pb_column][\/et_pb_row][et_pb_row _builder_version=&#8221;4.9.10&#8243; _module_preset=&#8221;default&#8221; background_color=&#8221;#1068a0&#8243; z_index=&#8221;555&#8243; custom_margin=&#8221;0px||||false|false&#8221;][et_pb_column type=&#8221;4_4&#8243; _builder_version=&#8221;4.9.10&#8243; _module_preset=&#8221;default&#8221;][et_pb_menu menu_id=&#8221;82&#8243; menu_style=&#8221;centered&#8221; active_link_color=&#8221;#FFFFFF&#8221; dropdown_menu_bg_color=&#8221;#1068a0&#8243; _builder_version=&#8221;4.9.10&#8243; _module_preset=&#8221;default&#8221; menu_font=&#8221;Bebas Neue||||||||&#8221; menu_text_color=&#8221;#FFFFFF&#8221; menu_font_size=&#8221;25px&#8221; background_enable_color=&#8221;off&#8221; hover_enabled=&#8221;0&#8243; mobile_menu_text_color=&#8221;#1068a0&#8243; menu_icon_color=&#8221;#FFFFFF&#8221; sticky_enabled=&#8221;0&#8243;][\/et_pb_menu][\/et_pb_column][\/et_pb_row][et_pb_row _builder_version=&#8221;4.9.10&#8243; _module_preset=&#8221;default&#8221; z_index=&#8221;100&#8243; custom_margin=&#8221;||0px||false|false&#8221; custom_padding=&#8221;||0px||false|false&#8221;][et_pb_column type=&#8221;4_4&#8243; _builder_version=&#8221;4.9.10&#8243; _module_preset=&#8221;default&#8221; custom_padding=&#8221;50px||50px||true|false&#8221;][et_pb_text _builder_version=&#8221;4.9.10&#8243; _module_preset=&#8221;default&#8221; text_font=&#8221;Bebas Neue||||||||&#8221; text_text_color=&#8221;#1068a0&#8243; text_font_size=&#8221;30px&#8221; text_line_height=&#8221;1.5em&#8221; custom_margin=&#8221;0px||20px||false|false&#8221; custom_padding=&#8221;0px|0px|0px|0px|false|true&#8221;]<\/p>\n<p style=\"text-align: left;\">narz\u0119dzia obr\u00f3bcze<\/p>\n<p>[\/et_pb_text][et_pb_text _builder_version=&#8221;4.9.10&#8243; _module_preset=&#8221;default&#8221; text_font=&#8221;Source Sans Pro||||||||&#8221; text_text_color=&#8221;#000000&#8243; text_font_size=&#8221;22px&#8221; text_line_height=&#8221;1.5em&#8221; background_color=&#8221;#FFFFFF&#8221;]<\/p>\n<p>W zak\u0142adzie stosowane s\u0105 zamiennie dwa modu\u0142owe systemy narz\u0119dzi renomowanych producent\u00f3w \u015bwiatowych. Pozwalaj\u0105 one na odpowiednie przygotowanie pakietu narz\u0119dzi pod obr\u00f3bk\u0119 detalu.<\/p>\n<p>Pomiary narz\u0119dzi przeprowadzane s\u0105 przy u\u017cyciu urz\u0105dzenia Venturion 800 austriackiej firmy Zoller. Mocowanie narz\u0119dzi w oprawkach termokurczliwych wykonywane jest na urz\u0105dzeniu marki KELCH.<\/p>\n<p>[\/et_pb_text][et_pb_gallery gallery_ids=&#8221;2626,2627,2628&#8243; posts_number=&#8221;3&#8243; show_title_and_caption=&#8221;off&#8221; show_pagination=&#8221;off&#8221; hover_icon=&#8221;%%52%%&#8221; _builder_version=&#8221;4.9.10&#8243; _module_preset=&#8221;default&#8221; module_alignment=&#8221;center&#8221;][\/et_pb_gallery][\/et_pb_column][\/et_pb_row][et_pb_row _builder_version=&#8221;4.9.10&#8243; _module_preset=&#8221;default&#8221; positioning=&#8221;absolute&#8221; position_origin_a=&#8221;top_right&#8221; max_width=&#8221;600px&#8221; custom_margin=&#8221;250px||||false|false&#8221;][et_pb_column type=&#8221;4_4&#8243; _builder_version=&#8221;4.9.10&#8243; _module_preset=&#8221;default&#8221;][et_pb_image src=&#8221;https:\/\/hydrotor.pl\/wp-content\/uploads\/2021\/10\/onee.svg&#8221; title_text=&#8221;onee&#8221; align=&#8221;right&#8221; _builder_version=&#8221;4.9.10&#8243; _module_preset=&#8221;default&#8221; max_width=&#8221;600px&#8221;][\/et_pb_image][\/et_pb_column][\/et_pb_row][et_pb_row _builder_version=&#8221;4.9.10&#8243; _module_preset=&#8221;default&#8221; custom_margin=&#8221;50px||||false|false&#8221; custom_padding=&#8221;50px||||false|false&#8221;][et_pb_column type=&#8221;4_4&#8243; _builder_version=&#8221;4.9.10&#8243; _module_preset=&#8221;default&#8221;][et_pb_image src=&#8221;https:\/\/hydrotor.pl\/wp-content\/uploads\/2021\/09\/logohydrotor.png&#8221; title_text=&#8221;logohydrotor&#8221; align=&#8221;center&#8221; _builder_version=&#8221;4.9.10&#8243; _module_preset=&#8221;default&#8221; width=&#8221;30%&#8221; width_tablet=&#8221;&#8221; width_phone=&#8221;80%&#8221; width_last_edited=&#8221;on|phone&#8221; custom_padding=&#8221;||50px||false|false&#8221;][\/et_pb_image][\/et_pb_column][\/et_pb_row][\/et_pb_section]<\/p>\n","protected":false},"excerpt":{"rendered":"<p>narz\u0119dzia obr\u00f3bczePoznaj us\u0142ugi firmy Hydrotor S.A.narz\u0119dzia obr\u00f3bczeW zak\u0142adzie stosowane s\u0105 zamiennie dwa modu\u0142owe systemy narz\u0119dzi renomowanych producent\u00f3w \u015bwiatowych. Pozwalaj\u0105 one na odpowiednie przygotowanie pakietu narz\u0119dzi pod obr\u00f3bk\u0119 detalu. Pomiary narz\u0119dzi przeprowadzane s\u0105 przy u\u017cyciu urz\u0105dzenia Venturion 800 austriackiej firmy Zoller. Mocowanie narz\u0119dzi w oprawkach termokurczliwych wykonywane jest na urz\u0105dzeniu marki KELCH.<\/p>\n","protected":false},"author":1,"featured_media":0,"parent":0,"menu_order":0,"comment_status":"closed","ping_status":"closed","template":"","meta":{"_acf_changed":false,"_et_pb_use_builder":"on","_et_pb_old_content":"","_et_gb_content_width":"","footnotes":""},"class_list":["post-5783","page","type-page","status-publish","hentry"],"acf":[],"yoast_head":"<!-- This site is optimized with the Yoast SEO plugin v27.5 - https:\/\/yoast.com\/product\/yoast-seo-wordpress\/ -->\n<title>Narz\u0119dzia obr\u00f3bcze - Hydrotor<\/title>\n<meta name=\"robots\" content=\"index, follow, max-snippet:-1, max-image-preview:large, max-video-preview:-1\" \/>\n<link rel=\"canonical\" href=\"https:\/\/hydrotor.pl\/ru\/narzedzia-obrobcze\/\" \/>\n<meta property=\"og:locale\" content=\"ru_RU\" \/>\n<meta property=\"og:type\" content=\"article\" \/>\n<meta property=\"og:title\" content=\"Narz\u0119dzia obr\u00f3bcze - Hydrotor\" \/>\n<meta property=\"og:description\" content=\"narz\u0119dzia obr\u00f3bczePoznaj us\u0142ugi firmy Hydrotor S.A.narz\u0119dzia obr\u00f3bczeW zak\u0142adzie stosowane s\u0105 zamiennie dwa modu\u0142owe systemy narz\u0119dzi renomowanych producent\u00f3w \u015bwiatowych. Pozwalaj\u0105 one na odpowiednie przygotowanie pakietu narz\u0119dzi pod obr\u00f3bk\u0119 detalu. Pomiary narz\u0119dzi przeprowadzane s\u0105 przy u\u017cyciu urz\u0105dzenia Venturion 800 austriackiej firmy Zoller. Mocowanie narz\u0119dzi w oprawkach termokurczliwych wykonywane jest na urz\u0105dzeniu marki KELCH.\" \/>\n<meta property=\"og:url\" content=\"https:\/\/hydrotor.pl\/ru\/narzedzia-obrobcze\/\" \/>\n<meta property=\"og:site_name\" content=\"Hydrotor\" \/>\n<meta property=\"article:publisher\" content=\"https:\/\/www.facebook.com\/Hydrotor-SA-113335720856570\" \/>\n<meta property=\"article:modified_time\" content=\"2022-01-13T10:23:24+00:00\" \/>\n<meta name=\"twitter:card\" content=\"summary_large_image\" \/>\n<meta name=\"twitter:label1\" content=\"\u041f\u0440\u0438\u043c\u0435\u0440\u043d\u043e\u0435 \u0432\u0440\u0435\u043c\u044f \u0434\u043b\u044f \u0447\u0442\u0435\u043d\u0438\u044f\" \/>\n\t<meta name=\"twitter:data1\" content=\"3 \u043c\u0438\u043d\u0443\u0442\u044b\" \/>\n<script type=\"application\/ld+json\" class=\"yoast-schema-graph\">{\"@context\":\"https:\\\/\\\/schema.org\",\"@graph\":[{\"@type\":\"WebPage\",\"@id\":\"https:\\\/\\\/hydrotor.pl\\\/ru\\\/narzedzia-obrobcze\\\/\",\"url\":\"https:\\\/\\\/hydrotor.pl\\\/ru\\\/narzedzia-obrobcze\\\/\",\"name\":\"Narz\u0119dzia obr\u00f3bcze - Hydrotor\",\"isPartOf\":{\"@id\":\"https:\\\/\\\/hydrotor.pl\\\/#website\"},\"datePublished\":\"2021-12-21T12:22:04+00:00\",\"dateModified\":\"2022-01-13T10:23:24+00:00\",\"breadcrumb\":{\"@id\":\"https:\\\/\\\/hydrotor.pl\\\/ru\\\/narzedzia-obrobcze\\\/#breadcrumb\"},\"inLanguage\":\"ru-RU\",\"potentialAction\":[{\"@type\":\"ReadAction\",\"target\":[\"https:\\\/\\\/hydrotor.pl\\\/ru\\\/narzedzia-obrobcze\\\/\"]}]},{\"@type\":\"BreadcrumbList\",\"@id\":\"https:\\\/\\\/hydrotor.pl\\\/ru\\\/narzedzia-obrobcze\\\/#breadcrumb\",\"itemListElement\":[{\"@type\":\"ListItem\",\"position\":1,\"name\":\"Strona g\u0142\u00f3wna\",\"item\":\"https:\\\/\\\/hydrotor.pl\\\/\"},{\"@type\":\"ListItem\",\"position\":2,\"name\":\"Narz\u0119dzia obr\u00f3bcze\"}]},{\"@type\":\"WebSite\",\"@id\":\"https:\\\/\\\/hydrotor.pl\\\/#website\",\"url\":\"https:\\\/\\\/hydrotor.pl\\\/\",\"name\":\"Hydrotor\",\"description\":\"Producent nowoczesnych system\u00f3w hydrauliki si\u0142owej z Bor\u00f3w Tucholskich\",\"publisher\":{\"@id\":\"https:\\\/\\\/hydrotor.pl\\\/#organization\"},\"potentialAction\":[{\"@type\":\"SearchAction\",\"target\":{\"@type\":\"EntryPoint\",\"urlTemplate\":\"https:\\\/\\\/hydrotor.pl\\\/?s={search_term_string}\"},\"query-input\":{\"@type\":\"PropertyValueSpecification\",\"valueRequired\":true,\"valueName\":\"search_term_string\"}}],\"inLanguage\":\"ru-RU\"},{\"@type\":\"Organization\",\"@id\":\"https:\\\/\\\/hydrotor.pl\\\/#organization\",\"name\":\"PHS Hydrotor S.A.\",\"url\":\"https:\\\/\\\/hydrotor.pl\\\/\",\"logo\":{\"@type\":\"ImageObject\",\"inLanguage\":\"ru-RU\",\"@id\":\"https:\\\/\\\/hydrotor.pl\\\/#\\\/schema\\\/logo\\\/image\\\/\",\"url\":\"https:\\\/\\\/hydrotor.appworks-dev.pl\\\/wp-content\\\/uploads\\\/2022\\\/01\\\/PHS-Hydrotor-S.A-1.png\",\"contentUrl\":\"https:\\\/\\\/hydrotor.appworks-dev.pl\\\/wp-content\\\/uploads\\\/2022\\\/01\\\/PHS-Hydrotor-S.A-1.png\",\"width\":1200,\"height\":630,\"caption\":\"PHS Hydrotor S.A.\"},\"image\":{\"@id\":\"https:\\\/\\\/hydrotor.pl\\\/#\\\/schema\\\/logo\\\/image\\\/\"},\"sameAs\":[\"https:\\\/\\\/www.facebook.com\\\/Hydrotor-SA-113335720856570\"]}]}<\/script>\n<!-- \/ Yoast SEO plugin. -->","yoast_head_json":{"title":"Narz\u0119dzia obr\u00f3bcze - Hydrotor","robots":{"index":"index","follow":"follow","max-snippet":"max-snippet:-1","max-image-preview":"max-image-preview:large","max-video-preview":"max-video-preview:-1"},"canonical":"https:\/\/hydrotor.pl\/ru\/narzedzia-obrobcze\/","og_locale":"ru_RU","og_type":"article","og_title":"Narz\u0119dzia obr\u00f3bcze - Hydrotor","og_description":"narz\u0119dzia obr\u00f3bczePoznaj us\u0142ugi firmy Hydrotor S.A.narz\u0119dzia obr\u00f3bczeW zak\u0142adzie stosowane s\u0105 zamiennie dwa modu\u0142owe systemy narz\u0119dzi renomowanych producent\u00f3w \u015bwiatowych. Pozwalaj\u0105 one na odpowiednie przygotowanie pakietu narz\u0119dzi pod obr\u00f3bk\u0119 detalu. Pomiary narz\u0119dzi przeprowadzane s\u0105 przy u\u017cyciu urz\u0105dzenia Venturion 800 austriackiej firmy Zoller. Mocowanie narz\u0119dzi w oprawkach termokurczliwych wykonywane jest na urz\u0105dzeniu marki KELCH.","og_url":"https:\/\/hydrotor.pl\/ru\/narzedzia-obrobcze\/","og_site_name":"Hydrotor","article_publisher":"https:\/\/www.facebook.com\/Hydrotor-SA-113335720856570","article_modified_time":"2022-01-13T10:23:24+00:00","twitter_card":"summary_large_image","twitter_misc":{"\u041f\u0440\u0438\u043c\u0435\u0440\u043d\u043e\u0435 \u0432\u0440\u0435\u043c\u044f \u0434\u043b\u044f \u0447\u0442\u0435\u043d\u0438\u044f":"3 \u043c\u0438\u043d\u0443\u0442\u044b"},"schema":{"@context":"https:\/\/schema.org","@graph":[{"@type":"WebPage","@id":"https:\/\/hydrotor.pl\/ru\/narzedzia-obrobcze\/","url":"https:\/\/hydrotor.pl\/ru\/narzedzia-obrobcze\/","name":"Narz\u0119dzia obr\u00f3bcze - Hydrotor","isPartOf":{"@id":"https:\/\/hydrotor.pl\/#website"},"datePublished":"2021-12-21T12:22:04+00:00","dateModified":"2022-01-13T10:23:24+00:00","breadcrumb":{"@id":"https:\/\/hydrotor.pl\/ru\/narzedzia-obrobcze\/#breadcrumb"},"inLanguage":"ru-RU","potentialAction":[{"@type":"ReadAction","target":["https:\/\/hydrotor.pl\/ru\/narzedzia-obrobcze\/"]}]},{"@type":"BreadcrumbList","@id":"https:\/\/hydrotor.pl\/ru\/narzedzia-obrobcze\/#breadcrumb","itemListElement":[{"@type":"ListItem","position":1,"name":"Strona g\u0142\u00f3wna","item":"https:\/\/hydrotor.pl\/"},{"@type":"ListItem","position":2,"name":"Narz\u0119dzia obr\u00f3bcze"}]},{"@type":"WebSite","@id":"https:\/\/hydrotor.pl\/#website","url":"https:\/\/hydrotor.pl\/","name":"Hydrotor","description":"Producent nowoczesnych system\u00f3w hydrauliki si\u0142owej z Bor\u00f3w Tucholskich","publisher":{"@id":"https:\/\/hydrotor.pl\/#organization"},"potentialAction":[{"@type":"SearchAction","target":{"@type":"EntryPoint","urlTemplate":"https:\/\/hydrotor.pl\/?s={search_term_string}"},"query-input":{"@type":"PropertyValueSpecification","valueRequired":true,"valueName":"search_term_string"}}],"inLanguage":"ru-RU"},{"@type":"Organization","@id":"https:\/\/hydrotor.pl\/#organization","name":"PHS Hydrotor S.A.","url":"https:\/\/hydrotor.pl\/","logo":{"@type":"ImageObject","inLanguage":"ru-RU","@id":"https:\/\/hydrotor.pl\/#\/schema\/logo\/image\/","url":"https:\/\/hydrotor.appworks-dev.pl\/wp-content\/uploads\/2022\/01\/PHS-Hydrotor-S.A-1.png","contentUrl":"https:\/\/hydrotor.appworks-dev.pl\/wp-content\/uploads\/2022\/01\/PHS-Hydrotor-S.A-1.png","width":1200,"height":630,"caption":"PHS Hydrotor S.A."},"image":{"@id":"https:\/\/hydrotor.pl\/#\/schema\/logo\/image\/"},"sameAs":["https:\/\/www.facebook.com\/Hydrotor-SA-113335720856570"]}]}},"_links":{"self":[{"href":"https:\/\/hydrotor.pl\/ru\/wp-json\/wp\/v2\/pages\/5783","targetHints":{"allow":["GET"]}}],"collection":[{"href":"https:\/\/hydrotor.pl\/ru\/wp-json\/wp\/v2\/pages"}],"about":[{"href":"https:\/\/hydrotor.pl\/ru\/wp-json\/wp\/v2\/types\/page"}],"author":[{"embeddable":true,"href":"https:\/\/hydrotor.pl\/ru\/wp-json\/wp\/v2\/users\/1"}],"replies":[{"embeddable":true,"href":"https:\/\/hydrotor.pl\/ru\/wp-json\/wp\/v2\/comments?post=5783"}],"version-history":[{"count":1,"href":"https:\/\/hydrotor.pl\/ru\/wp-json\/wp\/v2\/pages\/5783\/revisions"}],"predecessor-version":[{"id":5939,"href":"https:\/\/hydrotor.pl\/ru\/wp-json\/wp\/v2\/pages\/5783\/revisions\/5939"}],"wp:attachment":[{"href":"https:\/\/hydrotor.pl\/ru\/wp-json\/wp\/v2\/media?parent=5783"}],"curies":[{"name":"wp","href":"https:\/\/api.w.org\/{rel}","templated":true}]}}